{"id":5273,"date":"2021-05-29T06:42:20","date_gmt":"2021-05-29T06:42:20","guid":{"rendered":"https:\/\/wildnature.gr\/?page_id=5273"},"modified":"2022-06-09T06:09:04","modified_gmt":"2022-06-09T06:09:04","slug":"ask-for-a-quot","status":"publish","type":"page","link":"https:\/\/wildnature.gr\/fr\/ask-for-a-quot\/","title":{"rendered":"Demander un devis"},"content":{"rendered":"<style>.wp-block-gutenbee-heading.block-cdb5a7-23fe-48 { text-align: center; }<\/style><h1 id=\"block-cdb5a7-23fe-48\" class=\"wp-block-gutenbee-heading block-cdb5a7-23fe-48\">Demander un devis<\/h1>\n\n\n\n<p class=\"has-text-align-center has-medium-font-size\">Veuillez remplir le formulaire ci-dessous et l'envoyer \u00e0 Wild Nature. <br>Nous reviendrons vers vous dans les plus brefs d\u00e9lais.<\/p>\n\n\n\n<div id=\"block-c4e3f2-f0b1-48\" class=\"wp-block-gutenbee-container block-c4e3f2-f0b1-48\"><style>.wp-block-gutenbee-container.block-c4e3f2-f0b1-48 > .wp-block-gutenbee-container-inner { width: 700px; }\n.wp-block-gutenbee-container.block-c4e3f2-f0b1-48 { justify-content: center; }<\/style><div class=\"wp-block-gutenbee-container-inner\"><div class=\"wp-block-gutenbee-container-row wp-block-gutenbee-container-lg\">\n<div class=\"wp-block-gutenbee-column block-a606e2-88aa-42\"><style>@media (max-width: 991px) {\n        .wp-block-gutenbee-column.block-a606e2-88aa-42 { flex-basis: 100%; }\n      }\n    \n\n      @media (max-width: 575px) {\n        .wp-block-gutenbee-column.block-a606e2-88aa-42 { flex-basis: 100%; }\n      }<\/style><div class=\"wp-block-gutenbee-column-content\"><div class=\"forminator-ui forminator-custom-form forminator-custom-form-12919 forminator-design--default  forminator_ajax\" data-forminator-render=\"0\" data-form=\"forminator-module-12919\" data-uid=\"69e06d038472f\"><br\/><\/div><form\n\t\t\t\tid=\"forminator-module-12919\"\n\t\t\t\tclass=\"forminator-ui forminator-custom-form forminator-custom-form-12919 forminator-design--default  forminator_ajax\"\n\t\t\t\tmethod=\"post\"\n\t\t\t\tdata-forminator-render=\"0\"\n\t\t\t\tdata-form-id=\"12919\"\n\t\t\t\t data-color-option=\"default\" data-design=\"default\" data-grid=\"open\" style=\"display: none;\"\n\t\t\t\tdata-uid=\"69e06d038472f\" action=\"\"\n\t\t\t><div role=\"alert\" aria-live=\"polite\" class=\"forminator-response-message forminator-error\" aria-hidden=\"true\"><\/div><div class=\"forminator-row\"><div id=\"name-1\" class=\"forminator-field-name forminator-col forminator-col-6\"><div class=\"forminator-field\"><label for=\"forminator-field-name-1_69e06d038472f\" id=\"forminator-field-name-1_69e06d038472f-label\" class=\"forminator-label\">Nom et pr\u00e9nom <span class=\"forminator-required\">*<\/span><\/label><input type=\"text\" name=\"name-1\" value=\"\" placeholder=\"\" id=\"forminator-field-name-1_69e06d038472f\" class=\"forminator-input forminator-name--field\" aria-required=\"true\" autocomplete=\"name\" \/><\/div><\/div><div id=\"text-1\" class=\"forminator-field-text forminator-col forminator-col-6\"><div class=\"forminator-field\"><label for=\"forminator-field-text-1_69e06d038472f\" id=\"forminator-field-text-1_69e06d038472f-label\" class=\"forminator-label\">Nationalit\u00e9 <span class=\"forminator-required\">*<\/span><\/label><input type=\"text\" name=\"text-1\" value=\"\" placeholder=\"\" id=\"forminator-field-text-1_69e06d038472f\" class=\"forminator-input forminator-name--field\" data-required=\"1\" \/><\/div><\/div><\/div><div class=\"forminator-row\"><div id=\"email-1\" class=\"forminator-field-email forminator-col forminator-col-6\"><div class=\"forminator-field\"><label for=\"forminator-field-email-1_69e06d038472f\" id=\"forminator-field-email-1_69e06d038472f-label\" class=\"forminator-label\">Adresse email <span class=\"forminator-required\">*<\/span><\/label><input type=\"email\" name=\"email-1\" value=\"\" placeholder=\"\" id=\"forminator-field-email-1_69e06d038472f\" class=\"forminator-input forminator-email--field\" data-required=\"true\" aria-required=\"true\" autocomplete=\"email\" \/><\/div><\/div><div id=\"phone-1\" class=\"forminator-field-phone forminator-col forminator-col-6\"><div class=\"forminator-field\"><label for=\"forminator-field-phone-1_69e06d038472f\" id=\"forminator-field-phone-1_69e06d038472f-label\" class=\"forminator-label\">No de t\u00e9l\u00e9phone (facultatif)<\/label><input type=\"text\" name=\"phone-1\" value=\"\" placeholder=\"\" id=\"forminator-field-phone-1_69e06d038472f\" class=\"forminator-input forminator-field--phone\" data-required=\"\" aria-required=\"false\" autocomplete=\"off\" \/><\/div><\/div><\/div><div class=\"forminator-row\"><div id=\"select-2\" class=\"forminator-field-select forminator-col forminator-col-12\"><div class=\"forminator-field\"><label for=\"forminator-form-12919__field--select-2_69e06d038472f\" id=\"forminator-form-12919__field--select-2_69e06d038472f-label\" class=\"forminator-label\">Je vous \u00e9cris en qualit\u00e9 de <span class=\"forminator-required\">*<\/span><\/label><select  id=\"forminator-form-12919__field--select-2_69e06d038472f\" class=\"forminator-select--field forminator-select2 forminator-select2-multiple\" data-required=\"1\" name=\"select-2\" data-default-value=\"\" data-placeholder=\"Click for selection\" data-search=\"false\" data-search-placeholder=\"Click for selection\" data-checkbox=\"false\" data-allow-clear=\"false\" aria-labelledby=\"forminator-form-12919__field--select-2_69e06d038472f-label\"><option value=\"\"  >Cliquez pour la s\u00e9lection<\/option><option value=\"Tour-Operator\"  data-calculation=\"0\">Tour Operator<\/option><option value=\"Travel-agent\"  data-calculation=\"0\">Agent de Voyages<\/option><option value=\"Company-executive\"  data-calculation=\"0\">Cadre de soci\u00e9t\u00e9<\/option><option value=\"Other-quality-(specify-in-the-message-box)\"  data-calculation=\"0\">Autre qualit\u00e9 (\u00e0 pr\u00e9ciser dans la bo\u00eete de message)<\/option><\/select><\/div><\/div><\/div><div class=\"forminator-row\"><div id=\"select-1\" class=\"forminator-field-select forminator-col forminator-col-12\"><div class=\"forminator-field\"><label for=\"forminator-form-12919__field--select-1_69e06d038472f\" id=\"forminator-form-12919__field--select-1_69e06d038472f-label\" class=\"forminator-label\">Au sujet de <span class=\"forminator-required\">*<\/span><\/label><select  id=\"forminator-form-12919__field--select-1_69e06d038472f\" class=\"forminator-select--field forminator-select2 forminator-select2-multiple\" data-required=\"1\" name=\"select-1\" data-default-value=\"\" data-placeholder=\"Click for selection\" data-search=\"false\" data-search-placeholder=\"Click for selection\" data-checkbox=\"false\" data-allow-clear=\"false\" aria-labelledby=\"forminator-form-12919__field--select-1_69e06d038472f-label\"><option value=\"\"  >Cliquez pour la s\u00e9lection<\/option><option value=\"Team-Building-Activities-inside-the-group&#039;s-hotel\"  data-calculation=\"0\">Team Building Activities inside the group's hotel<\/option><option value=\"Team-Building-Activities-in-nature\"  data-calculation=\"0\">Team Building Activities in nature<\/option><option value=\"Team-Building-Activities-in-the-Wild-Nature-Eco-Lodge-Camp\"  data-calculation=\"0\">Team Building Activities in the Wild Nature Eco Lodge Camp<\/option><option value=\"Organizing-a-volunteer-sustainable-project-in-nature\"  data-calculation=\"0\">Organizing a volunteer sustainable project in nature<\/option><option value=\"Other-subject-(specify-in-the-message-box)\"  data-calculation=\"0\">Autre sujet (\u00e0 pr\u00e9ciser dans la bo\u00eete de message)<\/option><\/select><\/div><\/div><\/div><div class=\"forminator-row\"><div id=\"textarea-1\" class=\"forminator-field-textarea forminator-col forminator-col-12\"><div class=\"forminator-field\"><label for=\"forminator-field-textarea-1_69e06d038472f\" id=\"forminator-field-textarea-1_69e06d038472f-label\" class=\"forminator-label\">Message <span class=\"forminator-required\">*<\/span><\/label><textarea name=\"textarea-1\" placeholder=\"\u00c9crivez votre message\" id=\"forminator-field-textarea-1_69e06d038472f\" class=\"forminator-textarea\" rows=\"6\" style=\"min-height:140px;\" maxlength=\"1300\" ><\/textarea><span id=\"forminator-field-textarea-1_69e06d038472f-description\" class=\"forminator-description\"><span data-limit=\"1300\" data-type=\"characters\" data-editor=\"\">0 \/ 1300<\/span><\/span><\/div><\/div><\/div><input type=\"hidden\" name=\"referer_url\" value=\"\" \/><div class=\"forminator-row forminator-row-last\"><div class=\"forminator-col\"><div class=\"forminator-field\"><button class=\"forminator-button forminator-button-submit\">Faire parvenir<\/button><\/div><\/div><\/div><input type=\"hidden\" id=\"forminator_nonce\" name=\"forminator_nonce\" value=\"4fdce3735f\" \/><input type=\"hidden\" name=\"_wp_http_referer\" value=\"\/fr\/wp-json\/wp\/v2\/pages\/5273\" \/><input type=\"hidden\" name=\"form_id\" value=\"12919\"><input type=\"hidden\" name=\"page_id\" value=\"5273\"><input type=\"hidden\" name=\"form_type\" value=\"default\"><input type=\"hidden\" name=\"current_url\" value=\"https:\/\/wildnature.gr\/fr\/ask-for-a-quot\/\"><input type=\"hidden\" name=\"render_id\" value=\"0\"><input type=\"hidden\" name=\"action\" value=\"forminator_submit_form_custom-forms\"><input type=\"hidden\" name=\"trp-form-language\" value=\"fr\"\/><\/form>\n<\/div><\/div>\n<\/div><\/div><div class=\"wp-block-gutenbee-container-background\" data-parallax-speed=\"0.3\"><\/div><\/div>","protected":false},"excerpt":{"rendered":"<p>Please fill out the form below and send it to Wild Nature. We will get back to you as soon as possible.<\/p>","protected":false},"author":1,"featured_media":0,"parent":0,"menu_order":30,"comment_status":"closed","ping_status":"closed","template":"","meta":{"inline_featured_image":false,"_vp_format_video_url":"","_vp_image_focal_point":[],"footnotes":""},"class_list":["post-5273","page","type-page","status-publish","hentry"],"yoast_head":"<!-- This site is optimized with the Yoast SEO plugin v27.4 - https:\/\/yoast.com\/product\/yoast-seo-wordpress\/ -->\n<title>Ask for a quot - Wild Nature<\/title>\n<meta name=\"robots\" content=\"index, follow, max-snippet:-1, max-image-preview:large, max-video-preview:-1\" \/>\n<link rel=\"canonical\" href=\"https:\/\/wildnature.gr\/fr\/ask-for-a-quot\/\" \/>\n<meta property=\"og:locale\" content=\"fr_FR\" \/>\n<meta property=\"og:type\" content=\"article\" \/>\n<meta property=\"og:title\" content=\"Ask for a quot - Wild Nature\" \/>\n<meta property=\"og:description\" content=\"Please fill out the form below and send it to Wild Nature. We will get back to you as soon as possible.\" \/>\n<meta property=\"og:url\" content=\"https:\/\/wildnature.gr\/fr\/ask-for-a-quot\/\" \/>\n<meta property=\"og:site_name\" content=\"Wild Nature\" \/>\n<meta property=\"article:modified_time\" content=\"2022-06-09T06:09:04+00:00\" \/>\n<meta name=\"twitter:card\" content=\"summary_large_image\" \/>\n<meta name=\"twitter:label1\" content=\"Dur\u00e9e de lecture estim\u00e9e\" \/>\n\t<meta name=\"twitter:data1\" content=\"1 minute\" \/>\n<script type=\"application\/ld+json\" class=\"yoast-schema-graph\">{\"@context\":\"https:\\\/\\\/schema.org\",\"@graph\":[{\"@type\":\"WebPage\",\"@id\":\"https:\\\/\\\/wildnature.gr\\\/ask-for-a-quot\\\/\",\"url\":\"https:\\\/\\\/wildnature.gr\\\/ask-for-a-quot\\\/\",\"name\":\"Ask for a quot - Wild Nature\",\"isPartOf\":{\"@id\":\"https:\\\/\\\/wildnature.gr\\\/#website\"},\"datePublished\":\"2021-05-29T06:42:20+00:00\",\"dateModified\":\"2022-06-09T06:09:04+00:00\",\"breadcrumb\":{\"@id\":\"https:\\\/\\\/wildnature.gr\\\/ask-for-a-quot\\\/#breadcrumb\"},\"inLanguage\":\"fr-FR\",\"potentialAction\":[{\"@type\":\"ReadAction\",\"target\":[\"https:\\\/\\\/wildnature.gr\\\/ask-for-a-quot\\\/\"]}]},{\"@type\":\"BreadcrumbList\",\"@id\":\"https:\\\/\\\/wildnature.gr\\\/ask-for-a-quot\\\/#breadcrumb\",\"itemListElement\":[{\"@type\":\"ListItem\",\"position\":1,\"name\":\"Home\",\"item\":\"https:\\\/\\\/wildnature.gr\\\/\"},{\"@type\":\"ListItem\",\"position\":2,\"name\":\"Ask for a quot\"}]},{\"@type\":\"WebSite\",\"@id\":\"https:\\\/\\\/wildnature.gr\\\/#website\",\"url\":\"https:\\\/\\\/wildnature.gr\\\/\",\"name\":\"Wild Nature\",\"description\":\"Ecotourism and Outdoor Activities in Crete\",\"publisher\":{\"@id\":\"https:\\\/\\\/wildnature.gr\\\/#organization\"},\"potentialAction\":[{\"@type\":\"SearchAction\",\"target\":{\"@type\":\"EntryPoint\",\"urlTemplate\":\"https:\\\/\\\/wildnature.gr\\\/?s={search_term_string}\"},\"query-input\":{\"@type\":\"PropertyValueSpecification\",\"valueRequired\":true,\"valueName\":\"search_term_string\"}}],\"inLanguage\":\"fr-FR\"},{\"@type\":\"Organization\",\"@id\":\"https:\\\/\\\/wildnature.gr\\\/#organization\",\"name\":\"Wild Nature\",\"url\":\"https:\\\/\\\/wildnature.gr\\\/\",\"logo\":{\"@type\":\"ImageObject\",\"inLanguage\":\"fr-FR\",\"@id\":\"https:\\\/\\\/wildnature.gr\\\/#\\\/schema\\\/logo\\\/image\\\/\",\"url\":\"https:\\\/\\\/wildnature.gr\\\/wp-content\\\/uploads\\\/2021\\\/12\\\/cropped-Wild-Nature-Logo-web.png\",\"contentUrl\":\"https:\\\/\\\/wildnature.gr\\\/wp-content\\\/uploads\\\/2021\\\/12\\\/cropped-Wild-Nature-Logo-web.png\",\"width\":705,\"height\":340,\"caption\":\"Wild Nature\"},\"image\":{\"@id\":\"https:\\\/\\\/wildnature.gr\\\/#\\\/schema\\\/logo\\\/image\\\/\"}}]}<\/script>\n<!-- \/ Yoast SEO plugin. -->","yoast_head_json":{"title":"Ask for a quot - Wild Nature","robots":{"index":"index","follow":"follow","max-snippet":"max-snippet:-1","max-image-preview":"max-image-preview:large","max-video-preview":"max-video-preview:-1"},"canonical":"https:\/\/wildnature.gr\/fr\/ask-for-a-quot\/","og_locale":"fr_FR","og_type":"article","og_title":"Ask for a quot - Wild Nature","og_description":"Please fill out the form below and send it to Wild Nature. We will get back to you as soon as possible.","og_url":"https:\/\/wildnature.gr\/fr\/ask-for-a-quot\/","og_site_name":"Wild Nature","article_modified_time":"2022-06-09T06:09:04+00:00","twitter_card":"summary_large_image","twitter_misc":{"Dur\u00e9e de lecture estim\u00e9e":"1 minute"},"schema":{"@context":"https:\/\/schema.org","@graph":[{"@type":"WebPage","@id":"https:\/\/wildnature.gr\/ask-for-a-quot\/","url":"https:\/\/wildnature.gr\/ask-for-a-quot\/","name":"Ask for a quot - Wild Nature","isPartOf":{"@id":"https:\/\/wildnature.gr\/#website"},"datePublished":"2021-05-29T06:42:20+00:00","dateModified":"2022-06-09T06:09:04+00:00","breadcrumb":{"@id":"https:\/\/wildnature.gr\/ask-for-a-quot\/#breadcrumb"},"inLanguage":"fr-FR","potentialAction":[{"@type":"ReadAction","target":["https:\/\/wildnature.gr\/ask-for-a-quot\/"]}]},{"@type":"BreadcrumbList","@id":"https:\/\/wildnature.gr\/ask-for-a-quot\/#breadcrumb","itemListElement":[{"@type":"ListItem","position":1,"name":"Home","item":"https:\/\/wildnature.gr\/"},{"@type":"ListItem","position":2,"name":"Ask for a quot"}]},{"@type":"WebSite","@id":"https:\/\/wildnature.gr\/#website","url":"https:\/\/wildnature.gr\/","name":"Wild Nature","description":"Ecotourism and Outdoor Activities in Crete","publisher":{"@id":"https:\/\/wildnature.gr\/#organization"},"potentialAction":[{"@type":"SearchAction","target":{"@type":"EntryPoint","urlTemplate":"https:\/\/wildnature.gr\/?s={search_term_string}"},"query-input":{"@type":"PropertyValueSpecification","valueRequired":true,"valueName":"search_term_string"}}],"inLanguage":"fr-FR"},{"@type":"Organization","@id":"https:\/\/wildnature.gr\/#organization","name":"Wild Nature","url":"https:\/\/wildnature.gr\/","logo":{"@type":"ImageObject","inLanguage":"fr-FR","@id":"https:\/\/wildnature.gr\/#\/schema\/logo\/image\/","url":"https:\/\/wildnature.gr\/wp-content\/uploads\/2021\/12\/cropped-Wild-Nature-Logo-web.png","contentUrl":"https:\/\/wildnature.gr\/wp-content\/uploads\/2021\/12\/cropped-Wild-Nature-Logo-web.png","width":705,"height":340,"caption":"Wild Nature"},"image":{"@id":"https:\/\/wildnature.gr\/#\/schema\/logo\/image\/"}}]}},"_links":{"self":[{"href":"https:\/\/wildnature.gr\/fr\/wp-json\/wp\/v2\/pages\/5273","targetHints":{"allow":["GET"]}}],"collection":[{"href":"https:\/\/wildnature.gr\/fr\/wp-json\/wp\/v2\/pages"}],"about":[{"href":"https:\/\/wildnature.gr\/fr\/wp-json\/wp\/v2\/types\/page"}],"author":[{"embeddable":true,"href":"https:\/\/wildnature.gr\/fr\/wp-json\/wp\/v2\/users\/1"}],"replies":[{"embeddable":true,"href":"https:\/\/wildnature.gr\/fr\/wp-json\/wp\/v2\/comments?post=5273"}],"version-history":[{"count":8,"href":"https:\/\/wildnature.gr\/fr\/wp-json\/wp\/v2\/pages\/5273\/revisions"}],"predecessor-version":[{"id":12921,"href":"https:\/\/wildnature.gr\/fr\/wp-json\/wp\/v2\/pages\/5273\/revisions\/12921"}],"wp:attachment":[{"href":"https:\/\/wildnature.gr\/fr\/wp-json\/wp\/v2\/media?parent=5273"}],"curies":[{"name":"wp","href":"https:\/\/api.w.org\/{rel}","templated":true}]}}