{"id":18719,"date":"2025-01-08T14:11:20","date_gmt":"2025-01-08T14:11:20","guid":{"rendered":"https:\/\/wildnature.gr\/?page_id=18719"},"modified":"2025-01-10T18:07:27","modified_gmt":"2025-01-10T18:07:27","slug":"self-guided-hiking-tours-in-amari-c-western-amari-mountains","status":"publish","type":"page","link":"https:\/\/wildnature.gr\/fr\/self-guided-hiking-tours-in-amari-c-western-amari-mountains\/","title":{"rendered":"Self-Guided Hiking Tours in Amari &#8211; C- Western Amari Mountains"},"content":{"rendered":"<div id=\"block-0b13c5-e7ac-48\" class=\"wp-block-gutenbee-container block-0b13c5-e7ac-48 gutenbee-zoom theme-grid has-background-image has-background-overlay\"><style>.wp-block-gutenbee-container.block-0b13c5-e7ac-48 { height: 100vh; margin-bottom: 40px; padding-bottom: 30px; align-items: flex-end; }\n.wp-block-gutenbee-container.block-0b13c5-e7ac-48 > .wp-block-gutenbee-container-background { background-image: url(https:\/\/wildnature.gr\/wp-content\/uploads\/2025\/01\/SGH-C-West-Amari-Mountains-salon-pic.jpg); background-repeat: no-repeat; background-size: cover; background-position: center center; background-attachment: fixed; }\n\n\n      @media (max-width: 575px) {\n        .wp-block-gutenbee-container.block-0b13c5-e7ac-48 { height: 500px; margin-bottom: 15px; padding-bottom: 10px; }\n.wp-block-gutenbee-container.block-0b13c5-e7ac-48 > .wp-block-gutenbee-container-inner { width: 100%; }\n      }<\/style><div class=\"wp-block-gutenbee-container-inner\"><div class=\"wp-block-gutenbee-container-row wp-block-gutenbee-container-lg\">\n<div class=\"wp-block-gutenbee-column block-67e210-a886-41\"><style>.wp-block-gutenbee-column.block-67e210-a886-41 > .wp-block-gutenbee-column-content { padding-right: 0px;  padding-left: 0px; align-items: center; justify-content: center; }\n.wp-block-gutenbee-column.block-67e210-a886-41 { flex-basis: 40%; }\n\n\n      @media (max-width: 991px) {\n        .wp-block-gutenbee-column.block-67e210-a886-41 { flex-basis: 100%; }\n      }\n    \n\n      @media (max-width: 575px) {\n        .wp-block-gutenbee-column.block-67e210-a886-41 { flex-basis: 100%; }\n      }<\/style><div class=\"wp-block-gutenbee-column-content\" style=\"background-color:rgba(255, 255, 255, 0)\">\n<h1 id=\"block-3a9b0b-5957-4b\" class=\"wp-block-gutenbee-heading block-3a9b0b-5957-4b has-text-color\" style=\"color:#ffffff\">  Randonn\u00e9es en libert\u00e9 \u00e0 Amari    <\/h1><style>.wp-block-gutenbee-heading.block-3a9b0b-5957-4b { margin-top: 0px;  margin-bottom: 0px; padding-bottom: 10px; text-align: center; }\n\n\n      @media (max-width: 575px) {\n        .wp-block-gutenbee-heading.block-3a9b0b-5957-4b { font-size: 24px; }\n      }<\/style>\n\n\n\n<p id=\"block-f4fc0a-bdb3-41\" class=\"wp-block-gutenbee-paragraph block-f4fc0a-bdb3-41 has-text-color has-white-color\" style=\"background-color:#003300;border-style:solid;border-radius:10px\"><mark style=\"background-color:rgba(0, 0, 0, 0);color:#efc469\" class=\"has-inline-color\">C | Aux montagnes d'Amari occidental<\/mark><span style=\"color:#003300\" class=\"has-inline-color\"> <\/span><span style=\"color:#efc469\" class=\"has-inline-color\">|<\/span><span style=\"color:#003300\" class=\"has-inline-color\"> <\/span>Parcours et cartes<\/p><style>.wp-block-gutenbee-paragraph.block-f4fc0a-bdb3-41 { margin-right: 0px;  margin-left: 0px; padding-right: 20px; padding-bottom: 6px; padding-left: 20px; font-size: 24px; text-align: center; }\n\n\n      @media (max-width: 575px) {\n        .wp-block-gutenbee-paragraph.block-f4fc0a-bdb3-41 { padding-top: 2px;  padding-bottom: 2px; font-size: 16px; }\n      }<\/style>\n<\/div><\/div>\n<\/div><div class=\"wp-block-gutenbee-container-background-overlay\" style=\"background-color:rgba(41, 50, 96, 0)\"><\/div><\/div><div class=\"wp-block-gutenbee-container-background\" data-parallax-speed=\"0.3\" style=\"background-color:#f1f5f7\"><\/div><\/div>\n\n\n\n<div id=\"block-420ee8-d299-44\" class=\"wp-block-gutenbee-divider block-420ee8-d299-44 align-center\" style=\"height:10px\"><style>.wp-block-gutenbee-divider.block-420ee8-d299-44 { margin-bottom: 40px; padding-top: 0px; }\n\n\n      @media (max-width: 575px) {\n        .wp-block-gutenbee-divider.block-420ee8-d299-44 { margin-bottom: 15px; }\n      }<\/style><div class=\"wp-block-gutenbee-divider-inner\" style=\"border-top-style:solid;border-top-width:2px;border-top-color:#9c8871;width:100%\"><\/div><\/div>\n\n\n\n<div id=\"block-b987ad-b8cc-49\" class=\"wp-block-gutenbee-container block-b987ad-b8cc-49 theme-grid\"><style>.wp-block-gutenbee-container.block-b987ad-b8cc-49 { padding-top: 20px; }<\/style><div class=\"wp-block-gutenbee-container-inner\"><div class=\"wp-block-gutenbee-container-row wp-block-gutenbee-container-lg\">\n<div class=\"wp-block-gutenbee-column block-858c62-d9b6-47\"><style>@media (max-width: 991px) {\n        .wp-block-gutenbee-column.block-858c62-d9b6-47 { flex-basis: 100%; }\n      }\n    \n\n      @media (max-width: 575px) {\n        .wp-block-gutenbee-column.block-858c62-d9b6-47 { flex-basis: 100%; }\n      }<\/style><div class=\"wp-block-gutenbee-column-content\">\n<h1 id=\"block-cfbdc9-612e-45\" class=\"wp-block-gutenbee-heading block-cfbdc9-612e-45 has-text-color\" style=\"color:#3f2614\">Top 3 des randonn\u00e9es dans les montagnes de l'ouest d'Amari<\/h1><style>.wp-block-gutenbee-heading.block-cfbdc9-612e-45 { font-size: 28px; text-align: center; }<\/style>\n<\/div><\/div>\n<\/div><\/div><div class=\"wp-block-gutenbee-container-background\" data-parallax-speed=\"0.3\" style=\"background-color:#c8c2a9\"><\/div><\/div>\n\n\n\n<div id=\"block-057ba5-226e-4b\" class=\"wp-block-gutenbee-container block-057ba5-226e-4b theme-grid\"><style>.wp-block-gutenbee-container.block-057ba5-226e-4b { margin-top: -30px;  margin-bottom: -1px; padding-top: 20px; }<\/style><div class=\"wp-block-gutenbee-container-inner\"><div class=\"wp-block-gutenbee-container-row wp-block-gutenbee-container-lg\">\n<div class=\"wp-block-gutenbee-column block-3fa5d4-a7e3-42\"><style>@media (max-width: 991px) {\n        .wp-block-gutenbee-column.block-3fa5d4-a7e3-42 { flex-basis: 100%; }\n      }\n    \n\n      @media (max-width: 575px) {\n        .wp-block-gutenbee-column.block-3fa5d4-a7e3-42 { flex-basis: 100%; }\n      }<\/style><div class=\"wp-block-gutenbee-column-content\">\n<h2 id=\"block-a2d0a3-4499-4b\" class=\"wp-block-gutenbee-heading block-a2d0a3-4499-4b has-text-color\" style=\"color:#3f2614\">01 | Parcours C-01<\/h2><style>.wp-block-gutenbee-heading.block-a2d0a3-4499-4b { text-align: center; }<\/style>\n\n\n\n<h4 id=\"block-aecc3a-3383-45\" class=\"wp-block-gutenbee-heading block-aecc3a-3383-45 has-text-color\" style=\"color:#3f2614\">Ascension du Mont K\u00e9dros <\/h4><style>.wp-block-gutenbee-heading.block-aecc3a-3383-45 { text-align: center; }<\/style>\n\n\n            <div class=\"oxi-addons-container noLightbox oxi-image-hover-wrapper-59\" id=\"oxi-image-hover-wrapper-59\">\n                <div class=\"oxi-addons-row\">\n                                <div class=\"oxi-image-hover-style oxi-bt-col-lg-12 oxi-bt-col-md-12 oxi-bt-col-sm-12\" >\n                <div class=\"oxi-image-hover-style-general\">\n                    <div class=\"oxi-image-hover oxi-image-general-hover oxi-image-general-hover-style-11 oxi-image-general-hover-59-149\">\n                                                    <div class=\"oxi-image-hover-figure left_to_right\">\n                                <div class=\"oxi-image-hover-image\">\n                                    <img decoding=\"async\" src=\"https:\/\/wildnature.gr\/wp-content\/uploads\/2025\/01\/C-01bis-Kedros.jpg\" >\n                                <\/div>\n                                <div class=\"oxi-image-hover-figure-caption\">\n                                    <div class=\"oxi-image-hover-caption-tab   image-hover-align-center-center\">\n                                                                                    <div class=\"oxi-image-hover-button iheu-fade-up\">\n                                                <a  href=\"https:\/\/wildnature.gr\/fr\/sgt-west-amari-mountains-c-01\/\" class=\"oxi-image-btn\">Go<\/a>\n                                            <\/div>\n                                                                                                                        <\/div>\n                                <\/div>\n                            <\/div>\n                                                <\/div>\n                <\/div>\n                            <\/div>\n                            <\/div>\n            <\/div>\n\t\t\t\n\n\n\n<h4 id=\"block-4e8bc9-0ed0-46\" class=\"wp-block-gutenbee-heading block-4e8bc9-0ed0-46 has-text-color\" style=\"color:#3f2614\">Passez la souris sur l'image pour un aper\u00e7u rapide. <br>Une fois la nouvelle image apparue, cliquez sur \u00abGo\u00bb pour acc\u00e9der \u00e0 la page concern\u00e9e.  <\/h4><style>.wp-block-gutenbee-heading.block-4e8bc9-0ed0-46 { font-size: 15px; text-align: center; }<\/style>\n<\/div><\/div>\n\n\n\n<div class=\"wp-block-gutenbee-column block-d02d2c-19db-4e\"><style>@media (max-width: 991px) {\n        .wp-block-gutenbee-column.block-d02d2c-19db-4e { flex-basis: 100%; }\n      }\n    \n\n      @media (max-width: 575px) {\n        .wp-block-gutenbee-column.block-d02d2c-19db-4e { flex-basis: 100%; }\n      }<\/style><div class=\"wp-block-gutenbee-column-content\">\n<h2 id=\"block-731d32-6680-4e\" class=\"wp-block-gutenbee-heading block-731d32-6680-4e has-text-color\" style=\"color:#3f2614\">02 | Parcours C-02<\/h2><style>.wp-block-gutenbee-heading.block-731d32-6680-4e { text-align: center; }<\/style>\n\n\n\n<h4 id=\"block-75534a-033e-40\" class=\"wp-block-gutenbee-heading block-75534a-033e-40 has-text-color\" style=\"color:#3f2614\">Ascension du Mont Samitos<\/h4><style>.wp-block-gutenbee-heading.block-75534a-033e-40 { text-align: center; }<\/style>\n\n\n            <div class=\"oxi-addons-container noLightbox oxi-image-hover-wrapper-60\" id=\"oxi-image-hover-wrapper-60\">\n                <div class=\"oxi-addons-row\">\n                                <div class=\"oxi-image-hover-style oxi-bt-col-lg-12 oxi-bt-col-md-12 oxi-bt-col-sm-12\" >\n                <div class=\"oxi-image-hover-style-general\">\n                    <div class=\"oxi-image-hover oxi-image-general-hover oxi-image-general-hover-style-11 oxi-image-general-hover-60-150\">\n                                                    <div class=\"oxi-image-hover-figure top_to_bottom\">\n                                <div class=\"oxi-image-hover-image\">\n                                    <img decoding=\"async\" src=\"https:\/\/wildnature.gr\/wp-content\/uploads\/2025\/01\/C-02-Mt-Samitos.jpg\" >\n                                <\/div>\n                                <div class=\"oxi-image-hover-figure-caption\">\n                                    <div class=\"oxi-image-hover-caption-tab   image-hover-align-center-center\">\n                                                                                    <div class=\"oxi-image-hover-button iheu-fade-up\">\n                                                <a  href=\"https:\/\/wildnature.gr\/fr\/sgt-west-amari-mountains-c-02\/\" class=\"oxi-image-btn\">Go<\/a>\n                                            <\/div>\n                                                                                                                        <\/div>\n                                <\/div>\n                            <\/div>\n                                                <\/div>\n                <\/div>\n                            <\/div>\n                            <\/div>\n            <\/div>\n\t\t\t\n\n\n\n<h4 id=\"block-48139e-7c1f-46\" class=\"wp-block-gutenbee-heading block-48139e-7c1f-46 has-text-color\" style=\"color:#3f2614\">Passez la souris sur l'image pour un aper\u00e7u rapide. <br>Une fois la nouvelle image apparue, cliquez sur \u00abGo\u00bb pour acc\u00e9der \u00e0 la page concern\u00e9e.  <\/h4><style>.wp-block-gutenbee-heading.block-48139e-7c1f-46 { font-size: 15px; text-align: center; }<\/style>\n<\/div><\/div>\n\n\n\n<div class=\"wp-block-gutenbee-column block-94bfd7-28c1-46\"><style>@media (max-width: 991px) {\n        .wp-block-gutenbee-column.block-94bfd7-28c1-46 { flex-basis: 100%; }\n      }\n    \n\n      @media (max-width: 575px) {\n        .wp-block-gutenbee-column.block-94bfd7-28c1-46 { flex-basis: 100%; }\n      }<\/style><div class=\"wp-block-gutenbee-column-content\">\n<h2 id=\"block-b7347a-1fb9-47\" class=\"wp-block-gutenbee-heading block-b7347a-1fb9-47 has-text-color\" style=\"color:#3f2614\">03 | Parcours C-03<\/h2><style>.wp-block-gutenbee-heading.block-b7347a-1fb9-47 { text-align: center; }<\/style>\n\n\n\n<h4 id=\"block-831ea1-872d-4a\" class=\"wp-block-gutenbee-heading block-831ea1-872d-4a has-text-color\" style=\"color:#3f2614\">Ascension du Mont Soros<\/h4><style>.wp-block-gutenbee-heading.block-831ea1-872d-4a { text-align: center; }<\/style>\n\n\n            <div class=\"oxi-addons-container noLightbox oxi-image-hover-wrapper-61\" id=\"oxi-image-hover-wrapper-61\">\n                <div class=\"oxi-addons-row\">\n                                <div class=\"oxi-image-hover-style oxi-bt-col-lg-12 oxi-bt-col-md-12 oxi-bt-col-sm-12\" >\n                <div class=\"oxi-image-hover-style-general\">\n                    <div class=\"oxi-image-hover oxi-image-general-hover oxi-image-general-hover-style-11 oxi-image-general-hover-61-151\">\n                                                    <div class=\"oxi-image-hover-figure left_to_right\">\n                                <div class=\"oxi-image-hover-image\">\n                                    <img decoding=\"async\" src=\"https:\/\/wildnature.gr\/wp-content\/uploads\/2025\/01\/C-03-Mt-Soros.jpg\" >\n                                <\/div>\n                                <div class=\"oxi-image-hover-figure-caption\">\n                                    <div class=\"oxi-image-hover-caption-tab   image-hover-align-center-center\">\n                                                                                    <div class=\"oxi-image-hover-button iheu-fade-up\">\n                                                <a  href=\"https:\/\/wildnature.gr\/fr\/sgt-west-amari-mountains-c-03\/\" class=\"oxi-image-btn\">Go<\/a>\n                                            <\/div>\n                                                                                                                        <\/div>\n                                <\/div>\n                            <\/div>\n                                                <\/div>\n                <\/div>\n                            <\/div>\n                            <\/div>\n            <\/div>\n\t\t\t\n\n\n\n<h4 id=\"block-a55cd1-8aad-44\" class=\"wp-block-gutenbee-heading block-a55cd1-8aad-44 has-text-color\" style=\"color:#3f2614\">Passez la souris sur l'image pour un aper\u00e7u rapide. <br>Une fois la nouvelle image apparue, cliquez sur \u00abGo\u00bb pour acc\u00e9der \u00e0 la page concern\u00e9e.  <\/h4><style>.wp-block-gutenbee-heading.block-a55cd1-8aad-44 { font-size: 15px; text-align: center; }<\/style>\n<\/div><\/div>\n<\/div><\/div><div class=\"wp-block-gutenbee-container-background\" data-parallax-speed=\"0.3\" style=\"background-color:#c8c2a9\"><\/div><\/div>\n\n\n\n<p><\/p>","protected":false},"excerpt":{"rendered":"","protected":false},"author":1,"featured_media":0,"parent":0,"menu_order":0,"comment_status":"closed","ping_status":"closed","template":"templates\/template-fullwidth.php","meta":{"inline_featured_image":false,"_vp_format_video_url":"","_vp_image_focal_point":[],"footnotes":""},"class_list":["post-18719","page","type-page","status-publish","hentry"],"yoast_head":"<!-- This site is optimized with the Yoast SEO plugin v27.4 - https:\/\/yoast.com\/product\/yoast-seo-wordpress\/ -->\n<title>Self-Guided Hiking Tours in Amari - C- Western Amari Mountains - Wild Nature<\/title>\n<meta name=\"robots\" content=\"index, follow, max-snippet:-1, max-image-preview:large, max-video-preview:-1\" \/>\n<link rel=\"canonical\" href=\"https:\/\/wildnature.gr\/fr\/self-guided-hiking-tours-in-amari-c-western-amari-mountains\/\" \/>\n<meta property=\"og:locale\" content=\"fr_FR\" \/>\n<meta property=\"og:type\" content=\"article\" \/>\n<meta property=\"og:title\" content=\"Self-Guided Hiking Tours in Amari - C- Western Amari Mountains - Wild Nature\" \/>\n<meta property=\"og:url\" content=\"https:\/\/wildnature.gr\/fr\/self-guided-hiking-tours-in-amari-c-western-amari-mountains\/\" \/>\n<meta property=\"og:site_name\" content=\"Wild Nature\" \/>\n<meta property=\"article:modified_time\" content=\"2025-01-10T18:07:27+00:00\" \/>\n<meta name=\"twitter:card\" content=\"summary_large_image\" \/>\n<meta name=\"twitter:label1\" content=\"Dur\u00e9e de lecture estim\u00e9e\" \/>\n\t<meta name=\"twitter:data1\" content=\"1 minute\" \/>\n<script type=\"application\/ld+json\" class=\"yoast-schema-graph\">{\"@context\":\"https:\\\/\\\/schema.org\",\"@graph\":[{\"@type\":\"WebPage\",\"@id\":\"https:\\\/\\\/wildnature.gr\\\/self-guided-hiking-tours-in-amari-c-western-amari-mountains\\\/\",\"url\":\"https:\\\/\\\/wildnature.gr\\\/self-guided-hiking-tours-in-amari-c-western-amari-mountains\\\/\",\"name\":\"Self-Guided Hiking Tours in Amari - C- Western Amari Mountains - Wild Nature\",\"isPartOf\":{\"@id\":\"https:\\\/\\\/wildnature.gr\\\/#website\"},\"datePublished\":\"2025-01-08T14:11:20+00:00\",\"dateModified\":\"2025-01-10T18:07:27+00:00\",\"breadcrumb\":{\"@id\":\"https:\\\/\\\/wildnature.gr\\\/self-guided-hiking-tours-in-amari-c-western-amari-mountains\\\/#breadcrumb\"},\"inLanguage\":\"fr-FR\",\"potentialAction\":[{\"@type\":\"ReadAction\",\"target\":[\"https:\\\/\\\/wildnature.gr\\\/self-guided-hiking-tours-in-amari-c-western-amari-mountains\\\/\"]}]},{\"@type\":\"BreadcrumbList\",\"@id\":\"https:\\\/\\\/wildnature.gr\\\/self-guided-hiking-tours-in-amari-c-western-amari-mountains\\\/#breadcrumb\",\"itemListElement\":[{\"@type\":\"ListItem\",\"position\":1,\"name\":\"Home\",\"item\":\"https:\\\/\\\/wildnature.gr\\\/\"},{\"@type\":\"ListItem\",\"position\":2,\"name\":\"Self-Guided Hiking Tours in Amari &#8211; C- Western Amari Mountains\"}]},{\"@type\":\"WebSite\",\"@id\":\"https:\\\/\\\/wildnature.gr\\\/#website\",\"url\":\"https:\\\/\\\/wildnature.gr\\\/\",\"name\":\"Wild Nature\",\"description\":\"Ecotourism and Outdoor Activities in Crete\",\"publisher\":{\"@id\":\"https:\\\/\\\/wildnature.gr\\\/#organization\"},\"potentialAction\":[{\"@type\":\"SearchAction\",\"target\":{\"@type\":\"EntryPoint\",\"urlTemplate\":\"https:\\\/\\\/wildnature.gr\\\/?s={search_term_string}\"},\"query-input\":{\"@type\":\"PropertyValueSpecification\",\"valueRequired\":true,\"valueName\":\"search_term_string\"}}],\"inLanguage\":\"fr-FR\"},{\"@type\":\"Organization\",\"@id\":\"https:\\\/\\\/wildnature.gr\\\/#organization\",\"name\":\"Wild Nature\",\"url\":\"https:\\\/\\\/wildnature.gr\\\/\",\"logo\":{\"@type\":\"ImageObject\",\"inLanguage\":\"fr-FR\",\"@id\":\"https:\\\/\\\/wildnature.gr\\\/#\\\/schema\\\/logo\\\/image\\\/\",\"url\":\"https:\\\/\\\/wildnature.gr\\\/wp-content\\\/uploads\\\/2021\\\/12\\\/cropped-Wild-Nature-Logo-web.png\",\"contentUrl\":\"https:\\\/\\\/wildnature.gr\\\/wp-content\\\/uploads\\\/2021\\\/12\\\/cropped-Wild-Nature-Logo-web.png\",\"width\":705,\"height\":340,\"caption\":\"Wild Nature\"},\"image\":{\"@id\":\"https:\\\/\\\/wildnature.gr\\\/#\\\/schema\\\/logo\\\/image\\\/\"}}]}<\/script>\n<!-- \/ Yoast SEO plugin. -->","yoast_head_json":{"title":"Self-Guided Hiking Tours in Amari - C- Western Amari Mountains - Wild Nature","robots":{"index":"index","follow":"follow","max-snippet":"max-snippet:-1","max-image-preview":"max-image-preview:large","max-video-preview":"max-video-preview:-1"},"canonical":"https:\/\/wildnature.gr\/fr\/self-guided-hiking-tours-in-amari-c-western-amari-mountains\/","og_locale":"fr_FR","og_type":"article","og_title":"Self-Guided Hiking Tours in Amari - C- Western Amari Mountains - Wild Nature","og_url":"https:\/\/wildnature.gr\/fr\/self-guided-hiking-tours-in-amari-c-western-amari-mountains\/","og_site_name":"Wild Nature","article_modified_time":"2025-01-10T18:07:27+00:00","twitter_card":"summary_large_image","twitter_misc":{"Dur\u00e9e de lecture estim\u00e9e":"1 minute"},"schema":{"@context":"https:\/\/schema.org","@graph":[{"@type":"WebPage","@id":"https:\/\/wildnature.gr\/self-guided-hiking-tours-in-amari-c-western-amari-mountains\/","url":"https:\/\/wildnature.gr\/self-guided-hiking-tours-in-amari-c-western-amari-mountains\/","name":"Self-Guided Hiking Tours in Amari - C- Western Amari Mountains - Wild Nature","isPartOf":{"@id":"https:\/\/wildnature.gr\/#website"},"datePublished":"2025-01-08T14:11:20+00:00","dateModified":"2025-01-10T18:07:27+00:00","breadcrumb":{"@id":"https:\/\/wildnature.gr\/self-guided-hiking-tours-in-amari-c-western-amari-mountains\/#breadcrumb"},"inLanguage":"fr-FR","potentialAction":[{"@type":"ReadAction","target":["https:\/\/wildnature.gr\/self-guided-hiking-tours-in-amari-c-western-amari-mountains\/"]}]},{"@type":"BreadcrumbList","@id":"https:\/\/wildnature.gr\/self-guided-hiking-tours-in-amari-c-western-amari-mountains\/#breadcrumb","itemListElement":[{"@type":"ListItem","position":1,"name":"Home","item":"https:\/\/wildnature.gr\/"},{"@type":"ListItem","position":2,"name":"Self-Guided Hiking Tours in Amari &#8211; C- Western Amari Mountains"}]},{"@type":"WebSite","@id":"https:\/\/wildnature.gr\/#website","url":"https:\/\/wildnature.gr\/","name":"Wild Nature","description":"Ecotourism and Outdoor Activities in Crete","publisher":{"@id":"https:\/\/wildnature.gr\/#organization"},"potentialAction":[{"@type":"SearchAction","target":{"@type":"EntryPoint","urlTemplate":"https:\/\/wildnature.gr\/?s={search_term_string}"},"query-input":{"@type":"PropertyValueSpecification","valueRequired":true,"valueName":"search_term_string"}}],"inLanguage":"fr-FR"},{"@type":"Organization","@id":"https:\/\/wildnature.gr\/#organization","name":"Wild Nature","url":"https:\/\/wildnature.gr\/","logo":{"@type":"ImageObject","inLanguage":"fr-FR","@id":"https:\/\/wildnature.gr\/#\/schema\/logo\/image\/","url":"https:\/\/wildnature.gr\/wp-content\/uploads\/2021\/12\/cropped-Wild-Nature-Logo-web.png","contentUrl":"https:\/\/wildnature.gr\/wp-content\/uploads\/2021\/12\/cropped-Wild-Nature-Logo-web.png","width":705,"height":340,"caption":"Wild Nature"},"image":{"@id":"https:\/\/wildnature.gr\/#\/schema\/logo\/image\/"}}]}},"_links":{"self":[{"href":"https:\/\/wildnature.gr\/fr\/wp-json\/wp\/v2\/pages\/18719","targetHints":{"allow":["GET"]}}],"collection":[{"href":"https:\/\/wildnature.gr\/fr\/wp-json\/wp\/v2\/pages"}],"about":[{"href":"https:\/\/wildnature.gr\/fr\/wp-json\/wp\/v2\/types\/page"}],"author":[{"embeddable":true,"href":"https:\/\/wildnature.gr\/fr\/wp-json\/wp\/v2\/users\/1"}],"replies":[{"embeddable":true,"href":"https:\/\/wildnature.gr\/fr\/wp-json\/wp\/v2\/comments?post=18719"}],"version-history":[{"count":12,"href":"https:\/\/wildnature.gr\/fr\/wp-json\/wp\/v2\/pages\/18719\/revisions"}],"predecessor-version":[{"id":18951,"href":"https:\/\/wildnature.gr\/fr\/wp-json\/wp\/v2\/pages\/18719\/revisions\/18951"}],"wp:attachment":[{"href":"https:\/\/wildnature.gr\/fr\/wp-json\/wp\/v2\/media?parent=18719"}],"curies":[{"name":"wp","href":"https:\/\/api.w.org\/{rel}","templated":true}]}}