{"id":166,"date":"2021-04-04T07:20:48","date_gmt":"2021-04-04T07:20:48","guid":{"rendered":"https:\/\/wildnature.gr\/?page_id=166"},"modified":"2022-06-09T14:22:11","modified_gmt":"2022-06-09T14:22:11","slug":"contact","status":"publish","type":"page","link":"https:\/\/wildnature.gr\/fr\/contact\/","title":{"rendered":"Formulaire de contact"},"content":{"rendered":"<style>.wp-block-gutenbee-heading.block-13b2b7-113e-40 { text-align: center; }<\/style><h2 id=\"block-13b2b7-113e-40\" class=\"wp-block-gutenbee-heading block-13b2b7-113e-40\"><br>Formulaire de contact<\/h2>\n\n\n\n<p class=\"has-text-align-center has-medium-font-size\">Veuillez remplir le formulaire ci-dessous et l'envoyer \u00e0 Wild Nature.<br>Nous reviendrons vers vous dans les plus brefs d\u00e9lais.<\/p>\n\n\n\n<div id=\"block-3dd0f9-25fe-49\" class=\"wp-block-gutenbee-container block-3dd0f9-25fe-49\"><style>.wp-block-gutenbee-container.block-3dd0f9-25fe-49 { padding-top: 0px; align-items: center; justify-content: center; }<\/style><div class=\"wp-block-gutenbee-container-inner\"><div class=\"wp-block-gutenbee-container-row wp-block-gutenbee-container-lg\">\n<div class=\"wp-block-gutenbee-column block-35ef79-8d88-43\"><style>.wp-block-gutenbee-column.block-35ef79-8d88-43 .wp-block-gutenbee-column-content { padding-top: 0px; }\n.wp-block-gutenbee-column.block-35ef79-8d88-43 { flex-basis: 66.66%; }\n\n\n      @media (max-width: 991px) {\n        .wp-block-gutenbee-column.block-35ef79-8d88-43 { flex-basis: 100%; }\n      }\n    \n\n      @media (max-width: 575px) {\n        .wp-block-gutenbee-column.block-35ef79-8d88-43 { flex-basis: 100%; }\n      }<\/style><div class=\"wp-block-gutenbee-column-content\"><div class=\"forminator-ui forminator-custom-form forminator-custom-form-12904 forminator-design--default  forminator_ajax\" data-forminator-render=\"0\" data-form=\"forminator-module-12904\" data-uid=\"69d5cdde56e48\"><br\/><\/div><form\n\t\t\t\tid=\"forminator-module-12904\"\n\t\t\t\tclass=\"forminator-ui forminator-custom-form forminator-custom-form-12904 forminator-design--default  forminator_ajax\"\n\t\t\t\tmethod=\"post\"\n\t\t\t\tdata-forminator-render=\"0\"\n\t\t\t\tdata-form-id=\"12904\"\n\t\t\t\t data-color-option=\"default\" data-design=\"default\" data-grid=\"open\" style=\"display: none;\"\n\t\t\t\tdata-uid=\"69d5cdde56e48\" action=\"\"\n\t\t\t><div role=\"alert\" aria-live=\"polite\" class=\"forminator-response-message forminator-error\" aria-hidden=\"true\"><\/div><div class=\"forminator-row\"><div id=\"name-1\" class=\"forminator-field-name forminator-col forminator-col-6\"><div class=\"forminator-field\"><label for=\"forminator-field-name-1_69d5cdde56e48\" id=\"forminator-field-name-1_69d5cdde56e48-label\" class=\"forminator-label\">Nom et pr\u00e9nom <span class=\"forminator-required\">*<\/span><\/label><input type=\"text\" name=\"name-1\" value=\"\" placeholder=\"\" id=\"forminator-field-name-1_69d5cdde56e48\" class=\"forminator-input forminator-name--field\" aria-required=\"true\" autocomplete=\"name\" \/><\/div><\/div><div id=\"text-1\" class=\"forminator-field-text forminator-col forminator-col-6\"><div class=\"forminator-field\"><label for=\"forminator-field-text-1_69d5cdde56e48\" id=\"forminator-field-text-1_69d5cdde56e48-label\" class=\"forminator-label\">Nationalit\u00e9 <span class=\"forminator-required\">*<\/span><\/label><input type=\"text\" name=\"text-1\" value=\"\" placeholder=\"\" id=\"forminator-field-text-1_69d5cdde56e48\" class=\"forminator-input forminator-name--field\" data-required=\"1\" \/><\/div><\/div><\/div><div class=\"forminator-row\"><div id=\"email-1\" class=\"forminator-field-email forminator-col forminator-col-6\"><div class=\"forminator-field\"><label for=\"forminator-field-email-1_69d5cdde56e48\" id=\"forminator-field-email-1_69d5cdde56e48-label\" class=\"forminator-label\">Adresse email <span class=\"forminator-required\">*<\/span><\/label><input type=\"email\" name=\"email-1\" value=\"\" placeholder=\"\" id=\"forminator-field-email-1_69d5cdde56e48\" class=\"forminator-input forminator-email--field\" data-required=\"true\" aria-required=\"true\" autocomplete=\"email\" \/><\/div><\/div><div id=\"phone-1\" class=\"forminator-field-phone forminator-col forminator-col-6\"><div class=\"forminator-field\"><label for=\"forminator-field-phone-1_69d5cdde56e48\" id=\"forminator-field-phone-1_69d5cdde56e48-label\" class=\"forminator-label\">No de t\u00e9l\u00e9phone (facultatif)<\/label><input type=\"text\" name=\"phone-1\" value=\"\" placeholder=\"\" id=\"forminator-field-phone-1_69d5cdde56e48\" class=\"forminator-input forminator-field--phone\" data-required=\"\" aria-required=\"false\" autocomplete=\"off\" \/><\/div><\/div><\/div><div class=\"forminator-row\"><div id=\"text-2\" class=\"forminator-field-text forminator-col forminator-col-12\"><div class=\"forminator-field\"><label for=\"forminator-field-text-2_69d5cdde56e48\" id=\"forminator-field-text-2_69d5cdde56e48-label\" class=\"forminator-label\">Au sujet de <span class=\"forminator-required\">*<\/span><\/label><input type=\"text\" name=\"text-2\" value=\"\" placeholder=\"Entrez le sujet\" id=\"forminator-field-text-2_69d5cdde56e48\" class=\"forminator-input forminator-name--field\" data-required=\"1\" aria-describedby=\"forminator-field-text-2_69d5cdde56e48-description\" \/><span id=\"forminator-field-text-2_69d5cdde56e48-description\" class=\"forminator-description\"> <\/span><\/div><\/div><\/div><div class=\"forminator-row\"><div id=\"textarea-3\" class=\"forminator-field-textarea forminator-col forminator-col-12\"><div class=\"forminator-field\"><label for=\"forminator-field-textarea-3_69d5cdde56e48\" id=\"forminator-field-textarea-3_69d5cdde56e48-label\" class=\"forminator-label\">Message <span class=\"forminator-required\">*<\/span><\/label><textarea name=\"textarea-3\" placeholder=\"\u00c9crivez votre message\" id=\"forminator-field-textarea-3_69d5cdde56e48\" class=\"forminator-textarea\" rows=\"6\" style=\"min-height:140px;\" maxlength=\"1300\" ><\/textarea><span id=\"forminator-field-textarea-3_69d5cdde56e48-description\" class=\"forminator-description\"><span data-limit=\"1300\" data-type=\"characters\" data-editor=\"\">0 \/ 1300<\/span><\/span><\/div><\/div><\/div><input type=\"hidden\" name=\"referer_url\" value=\"\" \/><div class=\"forminator-row forminator-row-last\"><div class=\"forminator-col\"><div class=\"forminator-field\"><button class=\"forminator-button forminator-button-submit\">Faire parvenir<\/button><\/div><\/div><\/div><input type=\"hidden\" id=\"forminator_nonce\" name=\"forminator_nonce\" value=\"824f7ddafd\" \/><input type=\"hidden\" name=\"_wp_http_referer\" value=\"\/fr\/wp-json\/wp\/v2\/pages\/166\" \/><input type=\"hidden\" name=\"form_id\" value=\"12904\"><input type=\"hidden\" name=\"page_id\" value=\"166\"><input type=\"hidden\" name=\"form_type\" value=\"default\"><input type=\"hidden\" name=\"current_url\" value=\"https:\/\/wildnature.gr\/fr\/contact\/\"><input type=\"hidden\" name=\"render_id\" value=\"0\"><input type=\"hidden\" name=\"action\" value=\"forminator_submit_form_custom-forms\"><input type=\"hidden\" name=\"trp-form-language\" value=\"fr\"\/><\/form>\n<\/div><\/div>\n\n\n\n<div class=\"wp-block-gutenbee-column block-f8655a-3e85-43\"><style>.wp-block-gutenbee-column.block-f8655a-3e85-43 .wp-block-gutenbee-column-content { padding: 0px 20px 20px 20px; }\n.wp-block-gutenbee-column.block-f8655a-3e85-43 { flex-basis: 33.33%; }\n\n\n      @media (max-width: 991px) {\n        .wp-block-gutenbee-column.block-f8655a-3e85-43 { flex-basis: 100%; }\n      }\n    \n\n      @media (max-width: 575px) {\n        .wp-block-gutenbee-column.block-f8655a-3e85-43 { flex-basis: 100%; }\n      }<\/style><div class=\"wp-block-gutenbee-column-content\" style=\"background-color:#5d885d\">\n<p id=\"block-34a8e7-1afa-45\" class=\"wp-block-gutenbee-paragraph block-34a8e7-1afa-45\"><\/p>\n\n\n\n<style>.wp-block-gutenbee-heading.block-13d2bc-0226-46 { text-align: center; }<\/style><h2 id=\"block-13d2bc-0226-46\" class=\"wp-block-gutenbee-heading block-13d2bc-0226-46 has-text-color\" style=\"color:#ffffff\">Wild Nature<br>\u00c9co Lodge Camp <\/h2>\n\n\n\n<div id=\"block-2a5c4e-62d3-49\" class=\"wp-block-gutenbee-container block-2a5c4e-62d3-49\"><div class=\"wp-block-gutenbee-container-inner\"><div class=\"wp-block-gutenbee-container-row wp-block-gutenbee-container-lg\">\n<div class=\"wp-block-gutenbee-column block-18150e-5a9a-4a\"><style>.wp-block-gutenbee-column.block-18150e-5a9a-4a .wp-block-gutenbee-column-content { justify-content: center; }\n.wp-block-gutenbee-column.block-18150e-5a9a-4a { flex-basis: 100%; }\n\n\n      @media (max-width: 991px) {\n        .wp-block-gutenbee-column.block-18150e-5a9a-4a { flex-basis: 100%; }\n      }\n    \n\n      @media (max-width: 575px) {\n        .wp-block-gutenbee-column.block-18150e-5a9a-4a { flex-basis: 100%; }\n      }<\/style><div class=\"wp-block-gutenbee-column-content\">\n<p><iframe src=\"https:\/\/www.google.com\/maps\/embed?pb=!1m18!1m12!1m3!1d697.0152754746262!2d24.61883042401426!3d35.22879625518829!2m3!1f0!2f0!3f0!3m2!1i1024!2i768!4f13.1!3m3!1m2!1s0x149b0dd80a016681%3A0x67b209d7e8d3098b!2sWild%20Nature%20Eco%20Lodge%20Camp!5e1!3m2!1sel!2sgr!4v1617655760408!5m2!1sel!2sgr\" width=\"300\" height=\"300\" style=\"border:0;\" allowfullscreen=\"\" loading=\"lazy\"><\/iframe><\/p>\n<\/div><\/div>\n<\/div><\/div><div class=\"wp-block-gutenbee-container-background\" data-parallax-speed=\"0.3\"><\/div><\/div>\n\n\n\n<style>.wp-block-gutenbee-heading.block-a9ad7b-5df4-4d { text-align: center; }<\/style><h3 id=\"block-a9ad7b-5df4-4d\" class=\"wp-block-gutenbee-heading block-a9ad7b-5df4-4d has-text-color\" style=\"color:#ffffff\"><mark style=\"background-color:rgba(0, 0, 0, 0)\" class=\"has-inline-color has-luminous-vivid-amber-color\">Adresse<\/mark><br><br>Village de M\u00e9ronas, 74061 Municipalit\u00e9 d'Amari<br>R\u00e9thymnon - Cr\u00e8te - Gr\u00e8ce<\/h3>\n\n\n\n<style>.wp-block-gutenbee-paragraph.block-54a2f3-a98f-43 { text-align: center; }<\/style><p id=\"block-54a2f3-a98f-43\" class=\"wp-block-gutenbee-paragraph block-54a2f3-a98f-43 has-text-color has-white-color\"><img loading=\"lazy\" decoding=\"async\" width=\"20\" height=\"21\" class=\"wp-image-6037\" style=\"width: 20px;\" src=\"https:\/\/wildnature.gr\/wp-content\/uploads\/2021\/06\/Telephone1.png\" alt=\"\"> + 00 30 28330 22888<br><br>e-mail: <a href=\"mailto:wildnat@otenet.gr\">wildnat@otenet.gr<\/a><\/p>\n\n\n<\/div><\/div>\n<\/div><\/div><div class=\"wp-block-gutenbee-container-background\" data-parallax-speed=\"0.3\"><\/div><\/div>\n\n\n\n<p><\/p>","protected":false},"excerpt":{"rendered":"<p>Please fill out the form below and send it to Wild Nature.We will get back to you as soon as possible.<\/p>","protected":false},"author":1,"featured_media":0,"parent":0,"menu_order":0,"comment_status":"closed","ping_status":"closed","template":"templates\/template-fullwidth-contained.php","meta":{"inline_featured_image":false,"_vp_format_video_url":"","_vp_image_focal_point":[],"footnotes":""},"class_list":["post-166","page","type-page","status-publish","hentry"],"yoast_head":"<!-- This site is optimized with the Yoast SEO plugin v27.3 - https:\/\/yoast.com\/product\/yoast-seo-wordpress\/ -->\n<title>Contact form - Wild Nature<\/title>\n<meta name=\"robots\" content=\"index, follow, max-snippet:-1, max-image-preview:large, max-video-preview:-1\" \/>\n<link rel=\"canonical\" href=\"https:\/\/wildnature.gr\/fr\/contact\/\" \/>\n<meta property=\"og:locale\" content=\"fr_FR\" \/>\n<meta property=\"og:type\" content=\"article\" \/>\n<meta property=\"og:title\" content=\"Contact form - Wild Nature\" \/>\n<meta property=\"og:description\" content=\"Please fill out the form below and send it to Wild Nature.We will get back to you as soon as possible.\" \/>\n<meta property=\"og:url\" content=\"https:\/\/wildnature.gr\/fr\/contact\/\" \/>\n<meta property=\"og:site_name\" content=\"Wild Nature\" \/>\n<meta property=\"article:modified_time\" content=\"2022-06-09T14:22:11+00:00\" \/>\n<meta property=\"og:image\" content=\"https:\/\/wildnature.gr\/wp-content\/uploads\/2021\/06\/Telephone1.png\" \/>\n<meta name=\"twitter:card\" content=\"summary_large_image\" \/>\n<meta name=\"twitter:label1\" content=\"Dur\u00e9e de lecture estim\u00e9e\" \/>\n\t<meta name=\"twitter:data1\" content=\"1 minute\" \/>\n<script type=\"application\/ld+json\" class=\"yoast-schema-graph\">{\"@context\":\"https:\\\/\\\/schema.org\",\"@graph\":[{\"@type\":\"WebPage\",\"@id\":\"https:\\\/\\\/wildnature.gr\\\/contact\\\/\",\"url\":\"https:\\\/\\\/wildnature.gr\\\/contact\\\/\",\"name\":\"Contact form - Wild Nature\",\"isPartOf\":{\"@id\":\"https:\\\/\\\/wildnature.gr\\\/#website\"},\"primaryImageOfPage\":{\"@id\":\"https:\\\/\\\/wildnature.gr\\\/contact\\\/#primaryimage\"},\"image\":{\"@id\":\"https:\\\/\\\/wildnature.gr\\\/contact\\\/#primaryimage\"},\"thumbnailUrl\":\"https:\\\/\\\/wildnature.gr\\\/wp-content\\\/uploads\\\/2021\\\/06\\\/Telephone1.png\",\"datePublished\":\"2021-04-04T07:20:48+00:00\",\"dateModified\":\"2022-06-09T14:22:11+00:00\",\"breadcrumb\":{\"@id\":\"https:\\\/\\\/wildnature.gr\\\/contact\\\/#breadcrumb\"},\"inLanguage\":\"fr-FR\",\"potentialAction\":[{\"@type\":\"ReadAction\",\"target\":[\"https:\\\/\\\/wildnature.gr\\\/contact\\\/\"]}]},{\"@type\":\"ImageObject\",\"inLanguage\":\"fr-FR\",\"@id\":\"https:\\\/\\\/wildnature.gr\\\/contact\\\/#primaryimage\",\"url\":\"https:\\\/\\\/wildnature.gr\\\/wp-content\\\/uploads\\\/2021\\\/06\\\/Telephone1.png\",\"contentUrl\":\"https:\\\/\\\/wildnature.gr\\\/wp-content\\\/uploads\\\/2021\\\/06\\\/Telephone1.png\"},{\"@type\":\"BreadcrumbList\",\"@id\":\"https:\\\/\\\/wildnature.gr\\\/contact\\\/#breadcrumb\",\"itemListElement\":[{\"@type\":\"ListItem\",\"position\":1,\"name\":\"Home\",\"item\":\"https:\\\/\\\/wildnature.gr\\\/\"},{\"@type\":\"ListItem\",\"position\":2,\"name\":\"Contact form\"}]},{\"@type\":\"WebSite\",\"@id\":\"https:\\\/\\\/wildnature.gr\\\/#website\",\"url\":\"https:\\\/\\\/wildnature.gr\\\/\",\"name\":\"Wild Nature\",\"description\":\"Ecotourism and Outdoor Activities in Crete\",\"publisher\":{\"@id\":\"https:\\\/\\\/wildnature.gr\\\/#organization\"},\"potentialAction\":[{\"@type\":\"SearchAction\",\"target\":{\"@type\":\"EntryPoint\",\"urlTemplate\":\"https:\\\/\\\/wildnature.gr\\\/?s={search_term_string}\"},\"query-input\":{\"@type\":\"PropertyValueSpecification\",\"valueRequired\":true,\"valueName\":\"search_term_string\"}}],\"inLanguage\":\"fr-FR\"},{\"@type\":\"Organization\",\"@id\":\"https:\\\/\\\/wildnature.gr\\\/#organization\",\"name\":\"Wild Nature\",\"url\":\"https:\\\/\\\/wildnature.gr\\\/\",\"logo\":{\"@type\":\"ImageObject\",\"inLanguage\":\"fr-FR\",\"@id\":\"https:\\\/\\\/wildnature.gr\\\/#\\\/schema\\\/logo\\\/image\\\/\",\"url\":\"https:\\\/\\\/wildnature.gr\\\/wp-content\\\/uploads\\\/2021\\\/12\\\/cropped-Wild-Nature-Logo-web.png\",\"contentUrl\":\"https:\\\/\\\/wildnature.gr\\\/wp-content\\\/uploads\\\/2021\\\/12\\\/cropped-Wild-Nature-Logo-web.png\",\"width\":705,\"height\":340,\"caption\":\"Wild Nature\"},\"image\":{\"@id\":\"https:\\\/\\\/wildnature.gr\\\/#\\\/schema\\\/logo\\\/image\\\/\"}}]}<\/script>\n<!-- \/ Yoast SEO plugin. -->","yoast_head_json":{"title":"Contact form - Wild Nature","robots":{"index":"index","follow":"follow","max-snippet":"max-snippet:-1","max-image-preview":"max-image-preview:large","max-video-preview":"max-video-preview:-1"},"canonical":"https:\/\/wildnature.gr\/fr\/contact\/","og_locale":"fr_FR","og_type":"article","og_title":"Contact form - Wild Nature","og_description":"Please fill out the form below and send it to Wild Nature.We will get back to you as soon as possible.","og_url":"https:\/\/wildnature.gr\/fr\/contact\/","og_site_name":"Wild Nature","article_modified_time":"2022-06-09T14:22:11+00:00","og_image":[{"url":"https:\/\/wildnature.gr\/wp-content\/uploads\/2021\/06\/Telephone1.png","type":"","width":"","height":""}],"twitter_card":"summary_large_image","twitter_misc":{"Dur\u00e9e de lecture estim\u00e9e":"1 minute"},"schema":{"@context":"https:\/\/schema.org","@graph":[{"@type":"WebPage","@id":"https:\/\/wildnature.gr\/contact\/","url":"https:\/\/wildnature.gr\/contact\/","name":"Contact form - Wild Nature","isPartOf":{"@id":"https:\/\/wildnature.gr\/#website"},"primaryImageOfPage":{"@id":"https:\/\/wildnature.gr\/contact\/#primaryimage"},"image":{"@id":"https:\/\/wildnature.gr\/contact\/#primaryimage"},"thumbnailUrl":"https:\/\/wildnature.gr\/wp-content\/uploads\/2021\/06\/Telephone1.png","datePublished":"2021-04-04T07:20:48+00:00","dateModified":"2022-06-09T14:22:11+00:00","breadcrumb":{"@id":"https:\/\/wildnature.gr\/contact\/#breadcrumb"},"inLanguage":"fr-FR","potentialAction":[{"@type":"ReadAction","target":["https:\/\/wildnature.gr\/contact\/"]}]},{"@type":"ImageObject","inLanguage":"fr-FR","@id":"https:\/\/wildnature.gr\/contact\/#primaryimage","url":"https:\/\/wildnature.gr\/wp-content\/uploads\/2021\/06\/Telephone1.png","contentUrl":"https:\/\/wildnature.gr\/wp-content\/uploads\/2021\/06\/Telephone1.png"},{"@type":"BreadcrumbList","@id":"https:\/\/wildnature.gr\/contact\/#breadcrumb","itemListElement":[{"@type":"ListItem","position":1,"name":"Home","item":"https:\/\/wildnature.gr\/"},{"@type":"ListItem","position":2,"name":"Contact form"}]},{"@type":"WebSite","@id":"https:\/\/wildnature.gr\/#website","url":"https:\/\/wildnature.gr\/","name":"Wild Nature","description":"Ecotourism and Outdoor Activities in Crete","publisher":{"@id":"https:\/\/wildnature.gr\/#organization"},"potentialAction":[{"@type":"SearchAction","target":{"@type":"EntryPoint","urlTemplate":"https:\/\/wildnature.gr\/?s={search_term_string}"},"query-input":{"@type":"PropertyValueSpecification","valueRequired":true,"valueName":"search_term_string"}}],"inLanguage":"fr-FR"},{"@type":"Organization","@id":"https:\/\/wildnature.gr\/#organization","name":"Wild Nature","url":"https:\/\/wildnature.gr\/","logo":{"@type":"ImageObject","inLanguage":"fr-FR","@id":"https:\/\/wildnature.gr\/#\/schema\/logo\/image\/","url":"https:\/\/wildnature.gr\/wp-content\/uploads\/2021\/12\/cropped-Wild-Nature-Logo-web.png","contentUrl":"https:\/\/wildnature.gr\/wp-content\/uploads\/2021\/12\/cropped-Wild-Nature-Logo-web.png","width":705,"height":340,"caption":"Wild Nature"},"image":{"@id":"https:\/\/wildnature.gr\/#\/schema\/logo\/image\/"}}]}},"_links":{"self":[{"href":"https:\/\/wildnature.gr\/fr\/wp-json\/wp\/v2\/pages\/166","targetHints":{"allow":["GET"]}}],"collection":[{"href":"https:\/\/wildnature.gr\/fr\/wp-json\/wp\/v2\/pages"}],"about":[{"href":"https:\/\/wildnature.gr\/fr\/wp-json\/wp\/v2\/types\/page"}],"author":[{"embeddable":true,"href":"https:\/\/wildnature.gr\/fr\/wp-json\/wp\/v2\/users\/1"}],"replies":[{"embeddable":true,"href":"https:\/\/wildnature.gr\/fr\/wp-json\/wp\/v2\/comments?post=166"}],"version-history":[{"count":50,"href":"https:\/\/wildnature.gr\/fr\/wp-json\/wp\/v2\/pages\/166\/revisions"}],"predecessor-version":[{"id":12927,"href":"https:\/\/wildnature.gr\/fr\/wp-json\/wp\/v2\/pages\/166\/revisions\/12927"}],"wp:attachment":[{"href":"https:\/\/wildnature.gr\/fr\/wp-json\/wp\/v2\/media?parent=166"}],"curies":[{"name":"wp","href":"https:\/\/api.w.org\/{rel}","templated":true}]}}