{"id":1419,"date":"2021-04-13T05:11:30","date_gmt":"2021-04-13T05:11:30","guid":{"rendered":"https:\/\/wildnature.gr\/?page_id=1419"},"modified":"2022-06-07T10:07:56","modified_gmt":"2022-06-07T10:07:56","slug":"lets-talk-about","status":"publish","type":"page","link":"https:\/\/wildnature.gr\/fr\/lets-talk-about\/","title":{"rendered":"Parlons-en"},"content":{"rendered":"<div id=\"block-54b909-396f-49\" class=\"wp-block-gutenbee-container block-54b909-396f-49\"><div class=\"wp-block-gutenbee-container-inner\"><div class=\"wp-block-gutenbee-container-row wp-block-gutenbee-container-lg\">\n<div class=\"wp-block-gutenbee-column block-7f5773-ae74-45\"><style>.wp-block-gutenbee-column.block-7f5773-ae74-45 { flex-basis: 33.33%; }\n\n\n      @media (max-width: 991px) {\n        .wp-block-gutenbee-column.block-7f5773-ae74-45 { flex-basis: 100%; }\n      }\n    \n\n      @media (max-width: 575px) {\n        .wp-block-gutenbee-column.block-7f5773-ae74-45 { flex-basis: 100%; }\n      }<\/style><div class=\"wp-block-gutenbee-column-content\"><div class=\"forminator-ui forminator-custom-form forminator-custom-form-12907 forminator-design--default  forminator_ajax\" data-forminator-render=\"0\" data-form=\"forminator-module-12907\" data-uid=\"69d259f20418e\"><br\/><\/div><form\n\t\t\t\tid=\"forminator-module-12907\"\n\t\t\t\tclass=\"forminator-ui forminator-custom-form forminator-custom-form-12907 forminator-design--default  forminator_ajax\"\n\t\t\t\tmethod=\"post\"\n\t\t\t\tdata-forminator-render=\"0\"\n\t\t\t\tdata-form-id=\"12907\"\n\t\t\t\t data-color-option=\"default\" data-design=\"default\" data-grid=\"open\" style=\"display: none;\"\n\t\t\t\tdata-uid=\"69d259f20418e\" action=\"\"\n\t\t\t><div role=\"alert\" aria-live=\"polite\" class=\"forminator-response-message forminator-error\" aria-hidden=\"true\"><\/div><div class=\"forminator-row\"><div id=\"name-1\" class=\"forminator-field-name forminator-col forminator-col-6\"><div class=\"forminator-field\"><label for=\"forminator-field-name-1_69d259f20418e\" id=\"forminator-field-name-1_69d259f20418e-label\" class=\"forminator-label\">Nom et pr\u00e9nom <span class=\"forminator-required\">*<\/span><\/label><input type=\"text\" name=\"name-1\" value=\"\" placeholder=\"\" id=\"forminator-field-name-1_69d259f20418e\" class=\"forminator-input forminator-name--field\" aria-required=\"true\" autocomplete=\"name\" \/><\/div><\/div><div id=\"text-1\" class=\"forminator-field-text forminator-col forminator-col-6\"><div class=\"forminator-field\"><label for=\"forminator-field-text-1_69d259f20418e\" id=\"forminator-field-text-1_69d259f20418e-label\" class=\"forminator-label\">Nationalit\u00e9 <span class=\"forminator-required\">*<\/span><\/label><input type=\"text\" name=\"text-1\" value=\"\" placeholder=\"\" id=\"forminator-field-text-1_69d259f20418e\" class=\"forminator-input forminator-name--field\" data-required=\"1\" \/><\/div><\/div><\/div><div class=\"forminator-row\"><div id=\"email-1\" class=\"forminator-field-email forminator-col forminator-col-6\"><div class=\"forminator-field\"><label for=\"forminator-field-email-1_69d259f20418e\" id=\"forminator-field-email-1_69d259f20418e-label\" class=\"forminator-label\">Adresse email <span class=\"forminator-required\">*<\/span><\/label><input type=\"email\" name=\"email-1\" value=\"\" placeholder=\"\" id=\"forminator-field-email-1_69d259f20418e\" class=\"forminator-input forminator-email--field\" data-required=\"true\" aria-required=\"true\" autocomplete=\"email\" \/><\/div><\/div><div id=\"phone-1\" class=\"forminator-field-phone forminator-col forminator-col-6\"><div class=\"forminator-field\"><label for=\"forminator-field-phone-1_69d259f20418e\" id=\"forminator-field-phone-1_69d259f20418e-label\" class=\"forminator-label\">No de t\u00e9l\u00e9phone (facultatif)<\/label><input type=\"text\" name=\"phone-1\" value=\"\" placeholder=\"\" id=\"forminator-field-phone-1_69d259f20418e\" class=\"forminator-input forminator-field--phone\" data-required=\"\" aria-required=\"false\" autocomplete=\"off\" \/><\/div><\/div><\/div><div class=\"forminator-row\"><div id=\"select-2\" class=\"forminator-field-select forminator-col forminator-col-12\"><div class=\"forminator-field\"><label for=\"forminator-form-12907__field--select-2_69d259f20418e\" id=\"forminator-form-12907__field--select-2_69d259f20418e-label\" class=\"forminator-label\">Je vous \u00e9cris en qualit\u00e9 de <span class=\"forminator-required\">*<\/span><\/label><select  id=\"forminator-form-12907__field--select-2_69d259f20418e\" class=\"forminator-select--field forminator-select2 forminator-select2-multiple\" data-required=\"1\" name=\"select-2\" data-default-value=\"\" data-placeholder=\"Click for selection\" data-search=\"false\" data-search-placeholder=\"Click for selection\" data-checkbox=\"false\" data-allow-clear=\"false\" aria-labelledby=\"forminator-form-12907__field--select-2_69d259f20418e-label\"><option value=\"\"  >Cliquez pour la s\u00e9lection<\/option><option value=\"Tour-Operator\"  data-calculation=\"0\">Tour Operator<\/option><option value=\"Travel-agent\"  data-calculation=\"0\">Agent de Voyages<\/option><option value=\"Hiking-club-representative\"  data-calculation=\"0\">Repr\u00e9sentant de club de randonn\u00e9e<\/option><option value=\"Cycling-club-representative\"  data-calculation=\"0\">Repr\u00e9sentant de club de v\u00e9lo<\/option><option value=\"Sea-kayak-club-representative\"  data-calculation=\"0\">Repr\u00e9sentant de club de kayak de merr<\/option><option value=\"Company-executive\"  data-calculation=\"0\">Cadre de soci\u00e9t\u00e9<\/option><option value=\"Ecotourism-traveler\"  data-calculation=\"0\">Voyageur en \u00e9cotourisme<\/option><option value=\"Other-quality-(specify-in-the-message-box)\"  data-calculation=\"0\">Autre qualit\u00e9 (\u00e0 pr\u00e9ciser dans la bo\u00eete de message)<\/option><\/select><\/div><\/div><\/div><div class=\"forminator-row\"><div id=\"select-1\" class=\"forminator-field-select forminator-col forminator-col-12\"><div class=\"forminator-field\"><label for=\"forminator-form-12907__field--select-1_69d259f20418e\" id=\"forminator-form-12907__field--select-1_69d259f20418e-label\" class=\"forminator-label\">Au sujet de <span class=\"forminator-required\">*<\/span><\/label><select  id=\"forminator-form-12907__field--select-1_69d259f20418e\" class=\"forminator-select--field forminator-select2 forminator-select2-multiple\" data-required=\"1\" name=\"select-1\" data-default-value=\"\" data-placeholder=\"Click for selection\" data-search=\"false\" data-search-placeholder=\"Click for selection\" data-checkbox=\"false\" data-allow-clear=\"false\" aria-labelledby=\"forminator-form-12907__field--select-1_69d259f20418e-label\"><option value=\"\"  >Cliquez pour la s\u00e9lection<\/option><option value=\"Wild-Nature-Eco-Lodge-Camp\"  data-calculation=\"0\">\u00c9co Lodge Camp Wild Nature<\/option><option value=\"Wild-Nature-Outdoor-Activities\"  data-calculation=\"0\">Wild Nature Outdoor Activities<\/option><option value=\"Group-services\"  data-calculation=\"0\">Services pour groupes<\/option><option value=\"Private-getaways\"  data-calculation=\"0\">Escapades priv\u00e9es<\/option><option value=\"Other-subject-(specify-in-the-message-box)\"  data-calculation=\"0\">Autre sujet (\u00e0 pr\u00e9ciser dans la bo\u00eete de message)<\/option><\/select><\/div><\/div><\/div><div class=\"forminator-row\"><div id=\"textarea-1\" class=\"forminator-field-textarea forminator-col forminator-col-12\"><div class=\"forminator-field\"><label for=\"forminator-field-textarea-1_69d259f20418e\" id=\"forminator-field-textarea-1_69d259f20418e-label\" class=\"forminator-label\">Message <span class=\"forminator-required\">*<\/span><\/label><textarea name=\"textarea-1\" placeholder=\"\u00c9crivez votre message\" id=\"forminator-field-textarea-1_69d259f20418e\" class=\"forminator-textarea\" rows=\"6\" style=\"min-height:140px;\" maxlength=\"1300\" ><\/textarea><span id=\"forminator-field-textarea-1_69d259f20418e-description\" class=\"forminator-description\"><span data-limit=\"1300\" data-type=\"characters\" data-editor=\"\">0 \/ 1300<\/span><\/span><\/div><\/div><\/div><input type=\"hidden\" name=\"referer_url\" value=\"\" \/><div class=\"forminator-row forminator-row-last\"><div class=\"forminator-col\"><div class=\"forminator-field\"><button class=\"forminator-button forminator-button-submit\">Faire parvenir<\/button><\/div><\/div><\/div><input type=\"hidden\" id=\"forminator_nonce\" name=\"forminator_nonce\" value=\"d02b585a74\" \/><input type=\"hidden\" name=\"_wp_http_referer\" value=\"\/fr\/wp-json\/wp\/v2\/pages\/1419\" \/><input type=\"hidden\" name=\"form_id\" value=\"12907\"><input type=\"hidden\" name=\"page_id\" value=\"1419\"><input type=\"hidden\" name=\"form_type\" value=\"default\"><input type=\"hidden\" name=\"current_url\" value=\"https:\/\/wildnature.gr\/fr\/lets-talk-about\/\"><input type=\"hidden\" name=\"render_id\" value=\"0\"><input type=\"hidden\" name=\"action\" value=\"forminator_submit_form_custom-forms\"><input type=\"hidden\" name=\"trp-form-language\" value=\"fr\"\/><\/form>\n<\/div><\/div>\n<\/div><\/div><div class=\"wp-block-gutenbee-container-background\" data-parallax-speed=\"0.3\"><\/div><\/div>","protected":false},"excerpt":{"rendered":"","protected":false},"author":1,"featured_media":0,"parent":0,"menu_order":0,"comment_status":"closed","ping_status":"closed","template":"templates\/template-fullwidth-contained.php","meta":{"inline_featured_image":false,"_vp_format_video_url":"","_vp_image_focal_point":[],"footnotes":""},"class_list":["post-1419","page","type-page","status-publish","hentry"],"yoast_head":"<!-- This site is optimized with the Yoast SEO plugin v27.3 - https:\/\/yoast.com\/product\/yoast-seo-wordpress\/ -->\n<title>Let&#039;s talk about - Wild Nature<\/title>\n<meta name=\"robots\" content=\"index, follow, max-snippet:-1, max-image-preview:large, max-video-preview:-1\" \/>\n<link rel=\"canonical\" href=\"https:\/\/wildnature.gr\/fr\/lets-talk-about\/\" \/>\n<meta property=\"og:locale\" content=\"fr_FR\" \/>\n<meta property=\"og:type\" content=\"article\" \/>\n<meta property=\"og:title\" content=\"Let&#039;s talk about - Wild Nature\" \/>\n<meta property=\"og:url\" content=\"https:\/\/wildnature.gr\/fr\/lets-talk-about\/\" \/>\n<meta property=\"og:site_name\" content=\"Wild Nature\" \/>\n<meta property=\"article:modified_time\" content=\"2022-06-07T10:07:56+00:00\" \/>\n<meta name=\"twitter:card\" content=\"summary_large_image\" \/>\n<meta name=\"twitter:label1\" content=\"Dur\u00e9e de lecture estim\u00e9e\" \/>\n\t<meta name=\"twitter:data1\" content=\"1 minute\" \/>\n<script type=\"application\/ld+json\" class=\"yoast-schema-graph\">{\"@context\":\"https:\\\/\\\/schema.org\",\"@graph\":[{\"@type\":\"WebPage\",\"@id\":\"https:\\\/\\\/wildnature.gr\\\/lets-talk-about\\\/\",\"url\":\"https:\\\/\\\/wildnature.gr\\\/lets-talk-about\\\/\",\"name\":\"Let's talk about - Wild Nature\",\"isPartOf\":{\"@id\":\"https:\\\/\\\/wildnature.gr\\\/#website\"},\"datePublished\":\"2021-04-13T05:11:30+00:00\",\"dateModified\":\"2022-06-07T10:07:56+00:00\",\"breadcrumb\":{\"@id\":\"https:\\\/\\\/wildnature.gr\\\/lets-talk-about\\\/#breadcrumb\"},\"inLanguage\":\"fr-FR\",\"potentialAction\":[{\"@type\":\"ReadAction\",\"target\":[\"https:\\\/\\\/wildnature.gr\\\/lets-talk-about\\\/\"]}]},{\"@type\":\"BreadcrumbList\",\"@id\":\"https:\\\/\\\/wildnature.gr\\\/lets-talk-about\\\/#breadcrumb\",\"itemListElement\":[{\"@type\":\"ListItem\",\"position\":1,\"name\":\"Home\",\"item\":\"https:\\\/\\\/wildnature.gr\\\/\"},{\"@type\":\"ListItem\",\"position\":2,\"name\":\"Let&#8217;s talk about\"}]},{\"@type\":\"WebSite\",\"@id\":\"https:\\\/\\\/wildnature.gr\\\/#website\",\"url\":\"https:\\\/\\\/wildnature.gr\\\/\",\"name\":\"Wild Nature\",\"description\":\"Ecotourism and Outdoor Activities in Crete\",\"publisher\":{\"@id\":\"https:\\\/\\\/wildnature.gr\\\/#organization\"},\"potentialAction\":[{\"@type\":\"SearchAction\",\"target\":{\"@type\":\"EntryPoint\",\"urlTemplate\":\"https:\\\/\\\/wildnature.gr\\\/?s={search_term_string}\"},\"query-input\":{\"@type\":\"PropertyValueSpecification\",\"valueRequired\":true,\"valueName\":\"search_term_string\"}}],\"inLanguage\":\"fr-FR\"},{\"@type\":\"Organization\",\"@id\":\"https:\\\/\\\/wildnature.gr\\\/#organization\",\"name\":\"Wild Nature\",\"url\":\"https:\\\/\\\/wildnature.gr\\\/\",\"logo\":{\"@type\":\"ImageObject\",\"inLanguage\":\"fr-FR\",\"@id\":\"https:\\\/\\\/wildnature.gr\\\/#\\\/schema\\\/logo\\\/image\\\/\",\"url\":\"https:\\\/\\\/wildnature.gr\\\/wp-content\\\/uploads\\\/2021\\\/12\\\/cropped-Wild-Nature-Logo-web.png\",\"contentUrl\":\"https:\\\/\\\/wildnature.gr\\\/wp-content\\\/uploads\\\/2021\\\/12\\\/cropped-Wild-Nature-Logo-web.png\",\"width\":705,\"height\":340,\"caption\":\"Wild Nature\"},\"image\":{\"@id\":\"https:\\\/\\\/wildnature.gr\\\/#\\\/schema\\\/logo\\\/image\\\/\"}}]}<\/script>\n<!-- \/ Yoast SEO plugin. -->","yoast_head_json":{"title":"Let's talk about - Wild Nature","robots":{"index":"index","follow":"follow","max-snippet":"max-snippet:-1","max-image-preview":"max-image-preview:large","max-video-preview":"max-video-preview:-1"},"canonical":"https:\/\/wildnature.gr\/fr\/lets-talk-about\/","og_locale":"fr_FR","og_type":"article","og_title":"Let's talk about - Wild Nature","og_url":"https:\/\/wildnature.gr\/fr\/lets-talk-about\/","og_site_name":"Wild Nature","article_modified_time":"2022-06-07T10:07:56+00:00","twitter_card":"summary_large_image","twitter_misc":{"Dur\u00e9e de lecture estim\u00e9e":"1 minute"},"schema":{"@context":"https:\/\/schema.org","@graph":[{"@type":"WebPage","@id":"https:\/\/wildnature.gr\/lets-talk-about\/","url":"https:\/\/wildnature.gr\/lets-talk-about\/","name":"Let's talk about - Wild Nature","isPartOf":{"@id":"https:\/\/wildnature.gr\/#website"},"datePublished":"2021-04-13T05:11:30+00:00","dateModified":"2022-06-07T10:07:56+00:00","breadcrumb":{"@id":"https:\/\/wildnature.gr\/lets-talk-about\/#breadcrumb"},"inLanguage":"fr-FR","potentialAction":[{"@type":"ReadAction","target":["https:\/\/wildnature.gr\/lets-talk-about\/"]}]},{"@type":"BreadcrumbList","@id":"https:\/\/wildnature.gr\/lets-talk-about\/#breadcrumb","itemListElement":[{"@type":"ListItem","position":1,"name":"Home","item":"https:\/\/wildnature.gr\/"},{"@type":"ListItem","position":2,"name":"Let&#8217;s talk about"}]},{"@type":"WebSite","@id":"https:\/\/wildnature.gr\/#website","url":"https:\/\/wildnature.gr\/","name":"Wild Nature","description":"Ecotourism and Outdoor Activities in Crete","publisher":{"@id":"https:\/\/wildnature.gr\/#organization"},"potentialAction":[{"@type":"SearchAction","target":{"@type":"EntryPoint","urlTemplate":"https:\/\/wildnature.gr\/?s={search_term_string}"},"query-input":{"@type":"PropertyValueSpecification","valueRequired":true,"valueName":"search_term_string"}}],"inLanguage":"fr-FR"},{"@type":"Organization","@id":"https:\/\/wildnature.gr\/#organization","name":"Wild Nature","url":"https:\/\/wildnature.gr\/","logo":{"@type":"ImageObject","inLanguage":"fr-FR","@id":"https:\/\/wildnature.gr\/#\/schema\/logo\/image\/","url":"https:\/\/wildnature.gr\/wp-content\/uploads\/2021\/12\/cropped-Wild-Nature-Logo-web.png","contentUrl":"https:\/\/wildnature.gr\/wp-content\/uploads\/2021\/12\/cropped-Wild-Nature-Logo-web.png","width":705,"height":340,"caption":"Wild Nature"},"image":{"@id":"https:\/\/wildnature.gr\/#\/schema\/logo\/image\/"}}]}},"_links":{"self":[{"href":"https:\/\/wildnature.gr\/fr\/wp-json\/wp\/v2\/pages\/1419","targetHints":{"allow":["GET"]}}],"collection":[{"href":"https:\/\/wildnature.gr\/fr\/wp-json\/wp\/v2\/pages"}],"about":[{"href":"https:\/\/wildnature.gr\/fr\/wp-json\/wp\/v2\/types\/page"}],"author":[{"embeddable":true,"href":"https:\/\/wildnature.gr\/fr\/wp-json\/wp\/v2\/users\/1"}],"replies":[{"embeddable":true,"href":"https:\/\/wildnature.gr\/fr\/wp-json\/wp\/v2\/comments?post=1419"}],"version-history":[{"count":6,"href":"https:\/\/wildnature.gr\/fr\/wp-json\/wp\/v2\/pages\/1419\/revisions"}],"predecessor-version":[{"id":12911,"href":"https:\/\/wildnature.gr\/fr\/wp-json\/wp\/v2\/pages\/1419\/revisions\/12911"}],"wp:attachment":[{"href":"https:\/\/wildnature.gr\/fr\/wp-json\/wp\/v2\/media?parent=1419"}],"curies":[{"name":"wp","href":"https:\/\/api.w.org\/{rel}","templated":true}]}}