{"id":12789,"date":"2022-06-05T14:57:04","date_gmt":"2022-06-05T14:57:04","guid":{"rendered":"https:\/\/wildnature.gr\/?page_id=12789"},"modified":"2022-06-09T14:23:50","modified_gmt":"2022-06-09T14:23:50","slug":"ask-for-availability","status":"publish","type":"page","link":"https:\/\/wildnature.gr\/fr\/ask-for-availability\/","title":{"rendered":"Demandez nos disponibilit\u00e9s"},"content":{"rendered":"<style>.wp-block-gutenbee-heading.block-cdb5a7-23fe-48 { text-align: center; }<\/style><h1 id=\"block-cdb5a7-23fe-48\" class=\"wp-block-gutenbee-heading block-cdb5a7-23fe-48\">Formulaire de disponibilit\u00e9<\/h1>\n\n\n\n<p class=\"has-text-align-center has-medium-font-size\">Veuillez remplir le formulaire ci-dessous et l'envoyer \u00e0 Wild Nature. <br>Nous reviendrons vers vous dans les plus brefs d\u00e9lais.<\/p>\n\n\n\n<div id=\"block-c4e3f2-f0b1-48\" class=\"wp-block-gutenbee-container block-c4e3f2-f0b1-48\"><style>.wp-block-gutenbee-container.block-c4e3f2-f0b1-48 > .wp-block-gutenbee-container-inner { width: 700px; }\n.wp-block-gutenbee-container.block-c4e3f2-f0b1-48 { justify-content: center; }<\/style><div class=\"wp-block-gutenbee-container-inner\"><div class=\"wp-block-gutenbee-container-row wp-block-gutenbee-container-lg\">\n<div class=\"wp-block-gutenbee-column block-a606e2-88aa-42\"><style>@media (max-width: 991px) {\n        .wp-block-gutenbee-column.block-a606e2-88aa-42 { flex-basis: 100%; }\n      }\n    \n\n      @media (max-width: 575px) {\n        .wp-block-gutenbee-column.block-a606e2-88aa-42 { flex-basis: 100%; }\n      }<\/style><div class=\"wp-block-gutenbee-column-content\"><div class=\"forminator-ui forminator-custom-form forminator-custom-form-12811 forminator-design--default  forminator_ajax\" data-forminator-render=\"0\" data-form=\"forminator-module-12811\" data-uid=\"69dfb6de716aa\"><br\/><\/div><form\n\t\t\t\tid=\"forminator-module-12811\"\n\t\t\t\tclass=\"forminator-ui forminator-custom-form forminator-custom-form-12811 forminator-design--default  forminator_ajax\"\n\t\t\t\tmethod=\"post\"\n\t\t\t\tdata-forminator-render=\"0\"\n\t\t\t\tdata-form-id=\"12811\"\n\t\t\t\t data-color-option=\"default\" data-design=\"default\" data-grid=\"open\" style=\"display: none;\"\n\t\t\t\tdata-uid=\"69dfb6de716aa\" action=\"\"\n\t\t\t><div role=\"alert\" aria-live=\"polite\" class=\"forminator-response-message forminator-error\" aria-hidden=\"true\"><\/div><div class=\"forminator-row\"><div id=\"name-1\" class=\"forminator-field-name forminator-col forminator-col-6\"><div class=\"forminator-field\"><label for=\"forminator-field-name-1_69dfb6de716aa\" id=\"forminator-field-name-1_69dfb6de716aa-label\" class=\"forminator-label\">Nom et pr\u00e9nom <span class=\"forminator-required\">*<\/span><\/label><input type=\"text\" name=\"name-1\" value=\"\" placeholder=\"\" id=\"forminator-field-name-1_69dfb6de716aa\" class=\"forminator-input forminator-name--field\" aria-required=\"true\" autocomplete=\"name\" \/><\/div><\/div><div id=\"text-1\" class=\"forminator-field-text forminator-col forminator-col-6\"><div class=\"forminator-field\"><label for=\"forminator-field-text-1_69dfb6de716aa\" id=\"forminator-field-text-1_69dfb6de716aa-label\" class=\"forminator-label\">Nationalit\u00e9 <span class=\"forminator-required\">*<\/span><\/label><input type=\"text\" name=\"text-1\" value=\"\" placeholder=\"\" id=\"forminator-field-text-1_69dfb6de716aa\" class=\"forminator-input forminator-name--field\" data-required=\"1\" \/><\/div><\/div><\/div><div class=\"forminator-row\"><div id=\"email-1\" class=\"forminator-field-email forminator-col forminator-col-6\"><div class=\"forminator-field\"><label for=\"forminator-field-email-1_69dfb6de716aa\" id=\"forminator-field-email-1_69dfb6de716aa-label\" class=\"forminator-label\">Adresse email <span class=\"forminator-required\">*<\/span><\/label><input type=\"email\" name=\"email-1\" value=\"\" placeholder=\"\" id=\"forminator-field-email-1_69dfb6de716aa\" class=\"forminator-input forminator-email--field\" data-required=\"true\" aria-required=\"true\" autocomplete=\"email\" \/><\/div><\/div><div id=\"phone-1\" class=\"forminator-field-phone forminator-col forminator-col-6\"><div class=\"forminator-field\"><label for=\"forminator-field-phone-1_69dfb6de716aa\" id=\"forminator-field-phone-1_69dfb6de716aa-label\" class=\"forminator-label\">No de t\u00e9l\u00e9phone (facultatif)<\/label><input type=\"text\" name=\"phone-1\" value=\"\" placeholder=\"\" id=\"forminator-field-phone-1_69dfb6de716aa\" class=\"forminator-input forminator-field--phone\" data-required=\"\" aria-required=\"false\" autocomplete=\"off\" \/><\/div><\/div><\/div><div class=\"forminator-row\"><div id=\"select-1\" class=\"forminator-field-select forminator-col forminator-col-6\"><div class=\"forminator-field\"><label for=\"forminator-form-12811__field--select-1_69dfb6de716aa\" id=\"forminator-form-12811__field--select-1_69dfb6de716aa-label\" class=\"forminator-label\">S\u00e9lectionnez le type de logement qui vous convient <span class=\"forminator-required\">*<\/span><\/label><select  id=\"forminator-form-12811__field--select-1_69dfb6de716aa\" class=\"forminator-select--field forminator-select2 forminator-select2-multiple\" data-required=\"1\" name=\"select-1\" data-default-value=\"\" data-placeholder=\"Click for selection\" data-search=\"false\" data-search-placeholder=\"Click for selection\" data-checkbox=\"false\" data-allow-clear=\"false\" aria-labelledby=\"forminator-form-12811__field--select-1_69dfb6de716aa-label\"><option value=\"\"  >Cliquez pour la s\u00e9lection<\/option><option value=\"Renting-a-Lodge-type-tent\"  data-calculation=\"0\">Louer une tente de type Lodge<\/option><option value=\"Renting-a-small-classic-tent\"  data-calculation=\"0\">Louer une petite tente classique<\/option><option value=\"Renting-a-big-classic-tent\"  data-calculation=\"0\">Louer une grande tente classique<\/option><option value=\"Use-of-a-small-private-tent\"  data-calculation=\"0\">Utilisation d'une petite tente priv\u00e9e<\/option><option value=\"Use-of-a-big-private-tent\"  data-calculation=\"0\">Utilisation d'une grande tente priv\u00e9e<\/option><option value=\"Use-of-private-motorhome\"  data-calculation=\"0\">S\u00e9jour en camping-car priv\u00e9<\/option><\/select><\/div><\/div><div id=\"number-3\" class=\"forminator-field-number forminator-col forminator-col-6\"><div class=\"forminator-field\"><label for=\"forminator-field-number-3_69dfb6de716aa\" id=\"forminator-field-number-3_69dfb6de716aa-label\" class=\"forminator-label\">Nombre total de nuit\u00e9es <span class=\"forminator-required\">*<\/span><\/label><input name=\"number-3\" value=\"\" placeholder=\"\" id=\"forminator-field-number-3_69dfb6de716aa\" class=\"forminator-input forminator-number--field\" inputmode=\"decimal\" data-required=\"1\" data-decimals=\"0\" aria-required=\"true\" data-inputmask=\"&#039;groupSeparator&#039;: &#039;&#039;, &#039;radixPoint&#039;: &#039;&#039;, &#039;digits&#039;: &#039;0&#039;\" type=\"number\" step=\"any\" min=\"1\" max=\"150\" \/><\/div><\/div><\/div><div class=\"forminator-row\"><div id=\"date-1\" class=\"forminator-field-date forminator-col forminator-col-6\"><div class=\"forminator-field\"><label for=\"forminator-field-date-1-picker_69dfb6de716aa\" id=\"forminator-field-date-1-picker_69dfb6de716aa-label\" class=\"forminator-label\">Check-in <span class=\"forminator-required\">*<\/span><\/label><div class=\"forminator-input-with-icon\"><span class=\"forminator-icon-calendar\" aria-hidden=\"true\"><\/span><input autocomplete=\"off\" type=\"text\" size=\"1\" name=\"date-1\" value=\"\" placeholder=\"Choisissez la date\" id=\"forminator-field-date-1-picker_69dfb6de716aa\" class=\"forminator-input forminator-datepicker\" data-required=\"1\" data-format=\"dd-mm-yy\" data-restrict-type=\"\" data-restrict=\"\" data-start-year=\"1926\" data-end-year=\"2126\" data-past-dates=\"enable\" data-start-of-week=\"1\" data-start-date=\"\" data-end-date=\"\" data-start-field=\"\" data-end-field=\"\" data-start-offset=\"\" data-end-offset=\"\" data-disable-date=\"\" data-disable-range=\"\" \/><\/div><\/div><\/div><div id=\"date-2\" class=\"forminator-field-date forminator-col forminator-col-6\"><div class=\"forminator-field\"><label for=\"forminator-field-date-2-picker_69dfb6de716aa\" id=\"forminator-field-date-2-picker_69dfb6de716aa-label\" class=\"forminator-label\">Check-out <span class=\"forminator-required\">*<\/span><\/label><div class=\"forminator-input-with-icon\"><span class=\"forminator-icon-calendar\" aria-hidden=\"true\"><\/span><input autocomplete=\"off\" type=\"text\" size=\"1\" name=\"date-2\" value=\"\" placeholder=\"Choisissez la date\" id=\"forminator-field-date-2-picker_69dfb6de716aa\" class=\"forminator-input forminator-datepicker\" data-required=\"1\" data-format=\"dd-mm-yy\" data-restrict-type=\"\" data-restrict=\"\" data-start-year=\"1926\" data-end-year=\"2126\" data-past-dates=\"enable\" data-start-of-week=\"1\" data-start-date=\"\" data-end-date=\"\" data-start-field=\"\" data-end-field=\"\" data-start-offset=\"\" data-end-offset=\"\" data-disable-date=\"\" data-disable-range=\"\" \/><\/div><\/div><\/div><\/div><div class=\"forminator-row\"><div id=\"number-1\" class=\"forminator-field-number forminator-col forminator-col-6\"><div class=\"forminator-field\"><label for=\"forminator-field-number-1_69dfb6de716aa\" id=\"forminator-field-number-1_69dfb6de716aa-label\" class=\"forminator-label\">Nombre d'adultes (plus de 12 ans) <span class=\"forminator-required\">*<\/span><\/label><input name=\"number-1\" value=\"\" placeholder=\"\" id=\"forminator-field-number-1_69dfb6de716aa\" class=\"forminator-input forminator-number--field\" inputmode=\"decimal\" data-required=\"1\" data-decimals=\"0\" aria-required=\"true\" data-inputmask=\"&#039;groupSeparator&#039;: &#039;&#039;, &#039;radixPoint&#039;: &#039;&#039;, &#039;digits&#039;: &#039;0&#039;\" type=\"number\" step=\"any\" min=\"\" \/><\/div><\/div><div id=\"number-2\" class=\"forminator-field-number forminator-col forminator-col-6\"><div class=\"forminator-field\"><label for=\"forminator-field-number-2_69dfb6de716aa\" id=\"forminator-field-number-2_69dfb6de716aa-label\" class=\"forminator-label\">Nombre de mineurs (moins de 12 ans) <span class=\"forminator-required\">*<\/span><\/label><input name=\"number-2\" value=\"\" placeholder=\"\" id=\"forminator-field-number-2_69dfb6de716aa\" class=\"forminator-input forminator-number--field\" inputmode=\"decimal\" data-required=\"1\" data-decimals=\"0\" aria-required=\"true\" data-inputmask=\"&#039;groupSeparator&#039;: &#039;&#039;, &#039;radixPoint&#039;: &#039;&#039;, &#039;digits&#039;: &#039;0&#039;\" type=\"number\" step=\"any\" min=\"\" \/><\/div><\/div><\/div><div class=\"forminator-row\"><div id=\"select-2\" class=\"forminator-field-select forminator-col forminator-col-12\"><div class=\"forminator-field\"><label for=\"forminator-form-12811__field--select-2_69dfb6de716aa\" id=\"forminator-form-12811__field--select-2_69dfb6de716aa-label\" class=\"forminator-label\">Je m'int\u00e9resse \u00e0 <span class=\"forminator-required\">*<\/span><\/label><select  id=\"forminator-form-12811__field--select-2_69dfb6de716aa\" class=\"forminator-select--field forminator-select2 forminator-select2-multiple\" data-required=\"1\" name=\"select-2\" data-default-value=\"\" data-placeholder=\"Click for selection\" data-search=\"false\" data-search-placeholder=\"Click for selection\" data-checkbox=\"false\" data-allow-clear=\"false\" aria-labelledby=\"forminator-form-12811__field--select-2_69dfb6de716aa-label\"><option value=\"\"  >Cliquez pour la s\u00e9lection<\/option><option value=\"Simple-stay-without-any-activity\"  data-calculation=\"0\">Un simple s\u00e9jour sans activit\u00e9s<\/option><option value=\"Participating-in-the-3-day-multi-activity-program\"  data-calculation=\"0\">Participer \u00e0 la formule Multi Activit\u00e9s de 3 jours<\/option><option value=\"Participating-in-the-7-day-multi-activity-program\"  data-calculation=\"0\">Participer \u00e0 la formule Multi Activit\u00e9s de 7 jours<\/option><option value=\"Camp&#039;s-getaways-(specify-in-the-message-box)\"  data-calculation=\"0\">Participer aux escapades au d\u00e9part du camp (\u00e0 pr\u00e9cisez dans la bo\u00eete de message)<\/option><option value=\"Self-guided-tours-in-Amari\"  data-calculation=\"0\">Randonn\u00e9es en libert\u00e9 \u00e0 Amari<\/option><option value=\"Other-(specify-in-the-message-box)\"  data-calculation=\"0\">Autre activit\u00e9 (\u00e0 pr\u00e9ciser dans la bo\u00eete de message)<\/option><\/select><\/div><\/div><\/div><div class=\"forminator-row\"><div id=\"textarea-1\" class=\"forminator-field-textarea forminator-col forminator-col-12\"><div class=\"forminator-field\"><label for=\"forminator-field-textarea-1_69dfb6de716aa\" id=\"forminator-field-textarea-1_69dfb6de716aa-label\" class=\"forminator-label\">Message (en option)<\/label><textarea name=\"textarea-1\" placeholder=\"\u00c9crivez votre message\" id=\"forminator-field-textarea-1_69dfb6de716aa\" class=\"forminator-textarea\" rows=\"6\" style=\"min-height:140px;\" maxlength=\"1300\" ><\/textarea><span id=\"forminator-field-textarea-1_69dfb6de716aa-description\" class=\"forminator-description\"><span data-limit=\"1300\" data-type=\"characters\" data-editor=\"\">0 \/ 1300<\/span><\/span><\/div><\/div><\/div><input type=\"hidden\" name=\"referer_url\" value=\"\" \/><div class=\"forminator-row forminator-row-last\"><div class=\"forminator-col\"><div class=\"forminator-field\"><button class=\"forminator-button forminator-button-submit\">Faire parvenir<\/button><\/div><\/div><\/div><input type=\"hidden\" id=\"forminator_nonce\" name=\"forminator_nonce\" value=\"a67429c80d\" \/><input type=\"hidden\" name=\"_wp_http_referer\" value=\"\/fr\/wp-json\/wp\/v2\/pages\/12789\" \/><input type=\"hidden\" name=\"form_id\" value=\"12811\"><input type=\"hidden\" name=\"page_id\" value=\"12789\"><input type=\"hidden\" name=\"form_type\" value=\"default\"><input type=\"hidden\" name=\"current_url\" value=\"https:\/\/wildnature.gr\/fr\/ask-for-availability\/\"><input type=\"hidden\" name=\"render_id\" value=\"0\"><input type=\"hidden\" name=\"action\" value=\"forminator_submit_form_custom-forms\"><input type=\"hidden\" name=\"trp-form-language\" value=\"fr\"\/><\/form>\n<\/div><\/div>\n<\/div><\/div><div class=\"wp-block-gutenbee-container-background\" data-parallax-speed=\"0.3\"><\/div><\/div>","protected":false},"excerpt":{"rendered":"<p>Please fill out the form below and send it to Wild Nature. We will get back to you as soon as possible.<\/p>","protected":false},"author":1,"featured_media":0,"parent":0,"menu_order":30,"comment_status":"closed","ping_status":"closed","template":"","meta":{"inline_featured_image":false,"_vp_format_video_url":"","_vp_image_focal_point":[],"footnotes":""},"class_list":["post-12789","page","type-page","status-publish","hentry"],"yoast_head":"<!-- This site is optimized with the Yoast SEO plugin v27.4 - https:\/\/yoast.com\/product\/yoast-seo-wordpress\/ -->\n<title>Ask for availability - Wild Nature<\/title>\n<meta name=\"robots\" content=\"index, follow, max-snippet:-1, max-image-preview:large, max-video-preview:-1\" \/>\n<link rel=\"canonical\" href=\"https:\/\/wildnature.gr\/fr\/ask-for-availability\/\" \/>\n<meta property=\"og:locale\" content=\"fr_FR\" \/>\n<meta property=\"og:type\" content=\"article\" \/>\n<meta property=\"og:title\" content=\"Ask for availability - Wild Nature\" \/>\n<meta property=\"og:description\" content=\"Please fill out the form below and send it to Wild Nature. We will get back to you as soon as possible.\" \/>\n<meta property=\"og:url\" content=\"https:\/\/wildnature.gr\/fr\/ask-for-availability\/\" \/>\n<meta property=\"og:site_name\" content=\"Wild Nature\" \/>\n<meta property=\"article:modified_time\" content=\"2022-06-09T14:23:50+00:00\" \/>\n<meta name=\"twitter:card\" content=\"summary_large_image\" \/>\n<meta name=\"twitter:label1\" content=\"Dur\u00e9e de lecture estim\u00e9e\" \/>\n\t<meta name=\"twitter:data1\" content=\"1 minute\" \/>\n<script type=\"application\/ld+json\" class=\"yoast-schema-graph\">{\"@context\":\"https:\\\/\\\/schema.org\",\"@graph\":[{\"@type\":\"WebPage\",\"@id\":\"https:\\\/\\\/wildnature.gr\\\/ask-for-availability\\\/\",\"url\":\"https:\\\/\\\/wildnature.gr\\\/ask-for-availability\\\/\",\"name\":\"Ask for availability - Wild Nature\",\"isPartOf\":{\"@id\":\"https:\\\/\\\/wildnature.gr\\\/#website\"},\"datePublished\":\"2022-06-05T14:57:04+00:00\",\"dateModified\":\"2022-06-09T14:23:50+00:00\",\"breadcrumb\":{\"@id\":\"https:\\\/\\\/wildnature.gr\\\/ask-for-availability\\\/#breadcrumb\"},\"inLanguage\":\"fr-FR\",\"potentialAction\":[{\"@type\":\"ReadAction\",\"target\":[\"https:\\\/\\\/wildnature.gr\\\/ask-for-availability\\\/\"]}]},{\"@type\":\"BreadcrumbList\",\"@id\":\"https:\\\/\\\/wildnature.gr\\\/ask-for-availability\\\/#breadcrumb\",\"itemListElement\":[{\"@type\":\"ListItem\",\"position\":1,\"name\":\"Home\",\"item\":\"https:\\\/\\\/wildnature.gr\\\/\"},{\"@type\":\"ListItem\",\"position\":2,\"name\":\"Ask for availability\"}]},{\"@type\":\"WebSite\",\"@id\":\"https:\\\/\\\/wildnature.gr\\\/#website\",\"url\":\"https:\\\/\\\/wildnature.gr\\\/\",\"name\":\"Wild Nature\",\"description\":\"Ecotourism and Outdoor Activities in Crete\",\"publisher\":{\"@id\":\"https:\\\/\\\/wildnature.gr\\\/#organization\"},\"potentialAction\":[{\"@type\":\"SearchAction\",\"target\":{\"@type\":\"EntryPoint\",\"urlTemplate\":\"https:\\\/\\\/wildnature.gr\\\/?s={search_term_string}\"},\"query-input\":{\"@type\":\"PropertyValueSpecification\",\"valueRequired\":true,\"valueName\":\"search_term_string\"}}],\"inLanguage\":\"fr-FR\"},{\"@type\":\"Organization\",\"@id\":\"https:\\\/\\\/wildnature.gr\\\/#organization\",\"name\":\"Wild Nature\",\"url\":\"https:\\\/\\\/wildnature.gr\\\/\",\"logo\":{\"@type\":\"ImageObject\",\"inLanguage\":\"fr-FR\",\"@id\":\"https:\\\/\\\/wildnature.gr\\\/#\\\/schema\\\/logo\\\/image\\\/\",\"url\":\"https:\\\/\\\/wildnature.gr\\\/wp-content\\\/uploads\\\/2021\\\/12\\\/cropped-Wild-Nature-Logo-web.png\",\"contentUrl\":\"https:\\\/\\\/wildnature.gr\\\/wp-content\\\/uploads\\\/2021\\\/12\\\/cropped-Wild-Nature-Logo-web.png\",\"width\":705,\"height\":340,\"caption\":\"Wild Nature\"},\"image\":{\"@id\":\"https:\\\/\\\/wildnature.gr\\\/#\\\/schema\\\/logo\\\/image\\\/\"}}]}<\/script>\n<!-- \/ Yoast SEO plugin. -->","yoast_head_json":{"title":"Ask for availability - Wild Nature","robots":{"index":"index","follow":"follow","max-snippet":"max-snippet:-1","max-image-preview":"max-image-preview:large","max-video-preview":"max-video-preview:-1"},"canonical":"https:\/\/wildnature.gr\/fr\/ask-for-availability\/","og_locale":"fr_FR","og_type":"article","og_title":"Ask for availability - Wild Nature","og_description":"Please fill out the form below and send it to Wild Nature. We will get back to you as soon as possible.","og_url":"https:\/\/wildnature.gr\/fr\/ask-for-availability\/","og_site_name":"Wild Nature","article_modified_time":"2022-06-09T14:23:50+00:00","twitter_card":"summary_large_image","twitter_misc":{"Dur\u00e9e de lecture estim\u00e9e":"1 minute"},"schema":{"@context":"https:\/\/schema.org","@graph":[{"@type":"WebPage","@id":"https:\/\/wildnature.gr\/ask-for-availability\/","url":"https:\/\/wildnature.gr\/ask-for-availability\/","name":"Ask for availability - Wild Nature","isPartOf":{"@id":"https:\/\/wildnature.gr\/#website"},"datePublished":"2022-06-05T14:57:04+00:00","dateModified":"2022-06-09T14:23:50+00:00","breadcrumb":{"@id":"https:\/\/wildnature.gr\/ask-for-availability\/#breadcrumb"},"inLanguage":"fr-FR","potentialAction":[{"@type":"ReadAction","target":["https:\/\/wildnature.gr\/ask-for-availability\/"]}]},{"@type":"BreadcrumbList","@id":"https:\/\/wildnature.gr\/ask-for-availability\/#breadcrumb","itemListElement":[{"@type":"ListItem","position":1,"name":"Home","item":"https:\/\/wildnature.gr\/"},{"@type":"ListItem","position":2,"name":"Ask for availability"}]},{"@type":"WebSite","@id":"https:\/\/wildnature.gr\/#website","url":"https:\/\/wildnature.gr\/","name":"Wild Nature","description":"Ecotourism and Outdoor Activities in Crete","publisher":{"@id":"https:\/\/wildnature.gr\/#organization"},"potentialAction":[{"@type":"SearchAction","target":{"@type":"EntryPoint","urlTemplate":"https:\/\/wildnature.gr\/?s={search_term_string}"},"query-input":{"@type":"PropertyValueSpecification","valueRequired":true,"valueName":"search_term_string"}}],"inLanguage":"fr-FR"},{"@type":"Organization","@id":"https:\/\/wildnature.gr\/#organization","name":"Wild Nature","url":"https:\/\/wildnature.gr\/","logo":{"@type":"ImageObject","inLanguage":"fr-FR","@id":"https:\/\/wildnature.gr\/#\/schema\/logo\/image\/","url":"https:\/\/wildnature.gr\/wp-content\/uploads\/2021\/12\/cropped-Wild-Nature-Logo-web.png","contentUrl":"https:\/\/wildnature.gr\/wp-content\/uploads\/2021\/12\/cropped-Wild-Nature-Logo-web.png","width":705,"height":340,"caption":"Wild Nature"},"image":{"@id":"https:\/\/wildnature.gr\/#\/schema\/logo\/image\/"}}]}},"_links":{"self":[{"href":"https:\/\/wildnature.gr\/fr\/wp-json\/wp\/v2\/pages\/12789","targetHints":{"allow":["GET"]}}],"collection":[{"href":"https:\/\/wildnature.gr\/fr\/wp-json\/wp\/v2\/pages"}],"about":[{"href":"https:\/\/wildnature.gr\/fr\/wp-json\/wp\/v2\/types\/page"}],"author":[{"embeddable":true,"href":"https:\/\/wildnature.gr\/fr\/wp-json\/wp\/v2\/users\/1"}],"replies":[{"embeddable":true,"href":"https:\/\/wildnature.gr\/fr\/wp-json\/wp\/v2\/comments?post=12789"}],"version-history":[{"count":10,"href":"https:\/\/wildnature.gr\/fr\/wp-json\/wp\/v2\/pages\/12789\/revisions"}],"predecessor-version":[{"id":12917,"href":"https:\/\/wildnature.gr\/fr\/wp-json\/wp\/v2\/pages\/12789\/revisions\/12917"}],"wp:attachment":[{"href":"https:\/\/wildnature.gr\/fr\/wp-json\/wp\/v2\/media?parent=12789"}],"curies":[{"name":"wp","href":"https:\/\/api.w.org\/{rel}","templated":true}]}}